{"id":1089,"date":"2023-10-16T22:11:48","date_gmt":"2023-10-17T01:11:48","guid":{"rendered":"https:\/\/a2m1engenharia.com.br\/?page_id=1089"},"modified":"2023-10-16T22:16:39","modified_gmt":"2023-10-17T01:16:39","slug":"plano-de-reforma","status":"publish","type":"page","link":"https:\/\/a2m1engenharia.com.br\/index.php\/plano-de-reforma\/","title":{"rendered":"PLANO DE REFORMA"},"content":{"rendered":"\t\t<div data-elementor-type=\"wp-page\" data-elementor-id=\"1089\" class=\"elementor elementor-1089\">\n\t\t\t\t\t\t<section class=\"elementor-section elementor-top-section elementor-element elementor-element-19ef13b3 elementor-section-height-min-height elementor-section-content-middle elementor-section-boxed elementor-section-height-default elementor-section-items-middle wpr-particle-no wpr-jarallax-no wpr-parallax-no wpr-sticky-section-no wpr-equal-height-no\" data-id=\"19ef13b3\" data-element_type=\"section\" data-e-type=\"section\" data-settings=\"{&quot;background_background&quot;:&quot;classic&quot;}\">\n\t\t\t\t\t\t\t<div class=\"elementor-background-overlay\"><\/div>\n\t\t\t\t\t\t\t<div class=\"elementor-container elementor-column-gap-default\">\n\t\t\t\t\t<div class=\"elementor-column elementor-col-100 elementor-top-column elementor-element elementor-element-7437d415\" data-id=\"7437d415\" data-element_type=\"column\" data-e-type=\"column\">\n\t\t\t<div class=\"elementor-widget-wrap elementor-element-populated\">\n\t\t\t\t\t\t<div class=\"elementor-element elementor-element-13a1d6d4 elementor-widget elementor-widget-heading\" data-id=\"13a1d6d4\" data-element_type=\"widget\" data-e-type=\"widget\" data-widget_type=\"heading.default\">\n\t\t\t\t<div class=\"elementor-widget-container\">\n\t\t\t\t\t<h2 class=\"elementor-heading-title elementor-size-default\">Plano de reforma <\/h2>\t\t\t\t<\/div>\n\t\t\t\t<\/div>\n\t\t\t\t\t<\/div>\n\t\t<\/div>\n\t\t\t\t\t<\/div>\n\t\t<\/section>\n\t\t\t\t<section class=\"elementor-section elementor-top-section elementor-element elementor-element-47e065fd elementor-section-boxed elementor-section-height-default elementor-section-height-default wpr-particle-no wpr-jarallax-no wpr-parallax-no wpr-sticky-section-no wpr-equal-height-no\" data-id=\"47e065fd\" data-element_type=\"section\" data-e-type=\"section\">\n\t\t\t\t\t\t<div class=\"elementor-container elementor-column-gap-default\">\n\t\t\t\t\t<div class=\"elementor-column elementor-col-100 elementor-top-column elementor-element elementor-element-32000183\" data-id=\"32000183\" data-element_type=\"column\" data-e-type=\"column\">\n\t\t\t<div class=\"elementor-widget-wrap elementor-element-populated\">\n\t\t\t\t\t\t<div class=\"elementor-element elementor-element-2023eb7e elementor-widget elementor-widget-text-editor\" data-id=\"2023eb7e\" data-element_type=\"widget\" data-e-type=\"widget\" data-widget_type=\"text-editor.default\">\n\t\t\t\t<div class=\"elementor-widget-container\">\n\t\t\t\t\t\t\t\t\t<p>Nossos servi\u00e7os<\/p>\t\t\t\t\t\t\t\t<\/div>\n\t\t\t\t<\/div>\n\t\t\t\t<div class=\"elementor-element elementor-element-6819f379 elementor-widget elementor-widget-heading\" data-id=\"6819f379\" data-element_type=\"widget\" data-e-type=\"widget\" data-widget_type=\"heading.default\">\n\t\t\t\t<div class=\"elementor-widget-container\">\n\t\t\t\t\t<h2 class=\"elementor-heading-title elementor-size-default\">Plano de reforma  - NBR 16280\/2015<\/h2>\t\t\t\t<\/div>\n\t\t\t\t<\/div>\n\t\t\t\t<div class=\"elementor-element elementor-element-7ab00e24 elementor-widget elementor-widget-text-editor\" data-id=\"7ab00e24\" data-element_type=\"widget\" data-e-type=\"widget\" data-widget_type=\"text-editor.default\">\n\t\t\t\t<div class=\"elementor-widget-container\">\n\t\t\t\t\t\t\t\t\t<p><span style=\"font-family: Arial, serif;\"><span style=\"font-size: medium;\">Elaboramos laudos t\u00e9cnicos e Planos de Reforma em S\u00e3o Paulo e regi\u00e3o metropolitana, em conformidade com a NBR-16.280\/2015. <\/span><\/span><\/p>\t\t\t\t\t\t\t\t<\/div>\n\t\t\t\t<\/div>\n\t\t\t\t<div class=\"elementor-element elementor-element-69f8ca35 elementor-widget elementor-widget-heading\" data-id=\"69f8ca35\" data-element_type=\"widget\" data-e-type=\"widget\" data-widget_type=\"heading.default\">\n\t\t\t\t<div class=\"elementor-widget-container\">\n\t\t\t\t\t<h2 class=\"elementor-heading-title elementor-size-default\">O que \u00e9 o Plano de reforma?<\/h2>\t\t\t\t<\/div>\n\t\t\t\t<\/div>\n\t\t\t\t<div class=\"elementor-element elementor-element-5e6cb9de elementor-widget elementor-widget-text-editor\" data-id=\"5e6cb9de\" data-element_type=\"widget\" data-e-type=\"widget\" data-widget_type=\"text-editor.default\">\n\t\t\t\t<div class=\"elementor-widget-container\">\n\t\t\t\t\t\t\t\t\t<p style=\"text-align: left;\"><span style=\"font-family: Arial, serif;\"><span style=\"font-size: medium;\">O Plano de Reforma \u00e9 um documento exigido pela norma brasileira NBR 16280, que estabelece as diretrizes para a realiza\u00e7\u00e3o de reformas em edifica\u00e7\u00f5es. Este plano deve conter todas as informa\u00e7\u00f5es sobre a reforma que ser\u00e1 realizada, incluindo os detalhes t\u00e9cnicos do projeto, os materiais que ser\u00e3o utilizados, a previs\u00e3o de custos, o cronograma de execu\u00e7\u00e3o, entre outros aspectos. <\/span><\/span><\/p>\t\t\t\t\t\t\t\t<\/div>\n\t\t\t\t<\/div>\n\t\t\t\t<div class=\"elementor-element elementor-element-4e08d985 elementor-widget elementor-widget-heading\" data-id=\"4e08d985\" data-element_type=\"widget\" data-e-type=\"widget\" data-widget_type=\"heading.default\">\n\t\t\t\t<div class=\"elementor-widget-container\">\n\t\t\t\t\t<h2 class=\"elementor-heading-title elementor-size-default\">Por que fazer o plano de reforma?<\/h2>\t\t\t\t<\/div>\n\t\t\t\t<\/div>\n\t\t\t\t<div class=\"elementor-element elementor-element-70b58cee elementor-widget elementor-widget-text-editor\" data-id=\"70b58cee\" data-element_type=\"widget\" data-e-type=\"widget\" data-widget_type=\"text-editor.default\">\n\t\t\t\t<div class=\"elementor-widget-container\">\n\t\t\t\t\t\t\t\t\t<p style=\"text-align: left;\"><span style=\"font-family: Arial, serif;\"><span style=\"font-size: medium;\">A NBR 16280 foi criada com o objetivo de garantir a seguran\u00e7a das edifica\u00e7\u00f5es e das pessoas que nelas habitam ou transitam. Ela estabelece que qualquer reforma que possa comprometer a seguran\u00e7a da edifica\u00e7\u00e3o ou que altere ou comprometa a estrutura e sistemas deve ser submetida \u00e0 an\u00e1lise da construtora\/incorporadora e do projetista, dentro do prazo de garantia. Ap\u00f3s esse prazo, deve ser submetida \u00e0 an\u00e1lise de um profissional habilitado.<br \/>A norma \u00e9 obrigat\u00f3ria para apartamentos porque as reformas realizadas<\/span><\/span><b> <\/b><span style=\"font-family: Arial, serif;\"><span style=\"font-size: medium;\">em<\/span><\/span><b> <\/b><span style=\"font-family: Arial, serif;\"><span style=\"font-size: medium;\">uma unidade podem afetar a seguran\u00e7a de todo o edif\u00edcio. Por exemplo, a remo\u00e7\u00e3o de uma parede estrutural pode comprometer a estabilidade da edifica\u00e7\u00e3o, enquanto altera\u00e7\u00f5es no sistema hidr\u00e1ulico ou el\u00e9trico podem afetar outras unidades ou \u00e1reas comuns.<\/span><\/span><\/p>\t\t\t\t\t\t\t\t<\/div>\n\t\t\t\t<\/div>\n\t\t\t\t<div class=\"elementor-element elementor-element-f58dba9 elementor-widget elementor-widget-heading\" data-id=\"f58dba9\" data-element_type=\"widget\" data-e-type=\"widget\" data-widget_type=\"heading.default\">\n\t\t\t\t<div class=\"elementor-widget-container\">\n\t\t\t\t\t<h2 class=\"elementor-heading-title elementor-size-default\">Por que \u00e9 importante?<\/h2>\t\t\t\t<\/div>\n\t\t\t\t<\/div>\n\t\t\t\t<div class=\"elementor-element elementor-element-177a6e5 elementor-widget elementor-widget-text-editor\" data-id=\"177a6e5\" data-element_type=\"widget\" data-e-type=\"widget\" data-widget_type=\"text-editor.default\">\n\t\t\t\t<div class=\"elementor-widget-container\">\n\t\t\t\t\t\t\t\t\t<p style=\"text-align: left;\"><span style=\"font-family: Arial, serif;\"><span style=\"font-size: medium;\">O Plano de Reforma \u00e9 uma ferramenta importante para garantir que as reformas sejam realizadas de forma segura e de acordo com as normas t\u00e9cnicas, minimizando os riscos de acidentes e danos \u00e0 edifica\u00e7\u00e3o. Al\u00e9m disso, ele tamb\u00e9m contribui para a organiza\u00e7\u00e3o e planejamento da reforma, facilitando a gest\u00e3o do projeto e a comunica\u00e7\u00e3o entre todas as partes envolvidas.<\/span><\/span><\/p>\t\t\t\t\t\t\t\t<\/div>\n\t\t\t\t<\/div>\n\t\t\t\t\t<\/div>\n\t\t<\/div>\n\t\t\t\t\t<\/div>\n\t\t<\/section>\n\t\t\t\t<section class=\"elementor-section elementor-top-section elementor-element elementor-element-26f77926 elementor-section-content-middle elementor-section-boxed elementor-section-height-default elementor-section-height-default wpr-particle-no wpr-jarallax-no wpr-parallax-no wpr-sticky-section-no wpr-equal-height-no\" data-id=\"26f77926\" data-element_type=\"section\" data-e-type=\"section\" data-settings=\"{&quot;background_background&quot;:&quot;classic&quot;}\">\n\t\t\t\t\t\t\t<div class=\"elementor-background-overlay\"><\/div>\n\t\t\t\t\t\t\t<div class=\"elementor-container elementor-column-gap-default\">\n\t\t\t\t\t<div class=\"elementor-column elementor-col-100 elementor-top-column elementor-element elementor-element-b82bdf\" data-id=\"b82bdf\" data-element_type=\"column\" data-e-type=\"column\">\n\t\t\t<div class=\"elementor-widget-wrap\">\n\t\t\t\t\t\t\t<\/div>\n\t\t<\/div>\n\t\t\t\t\t<\/div>\n\t\t<\/section>\n\t\t\t\t<section class=\"elementor-section elementor-top-section elementor-element elementor-element-272c253 elementor-section-boxed elementor-section-height-default elementor-section-height-default wpr-particle-no wpr-jarallax-no wpr-parallax-no wpr-sticky-section-no wpr-equal-height-no\" data-id=\"272c253\" data-element_type=\"section\" data-e-type=\"section\">\n\t\t\t\t\t\t<div class=\"elementor-container elementor-column-gap-default\">\n\t\t\t\t\t<div class=\"elementor-column elementor-col-100 elementor-top-column elementor-element elementor-element-10a4b41a\" data-id=\"10a4b41a\" data-element_type=\"column\" data-e-type=\"column\">\n\t\t\t<div class=\"elementor-widget-wrap elementor-element-populated\">\n\t\t\t\t\t\t<section class=\"elementor-section elementor-inner-section elementor-element elementor-element-412769a0 elementor-section-boxed elementor-section-height-default elementor-section-height-default wpr-particle-no wpr-jarallax-no wpr-parallax-no wpr-sticky-section-no wpr-equal-height-no\" data-id=\"412769a0\" data-element_type=\"section\" data-e-type=\"section\" data-settings=\"{&quot;background_background&quot;:&quot;classic&quot;}\">\n\t\t\t\t\t\t<div class=\"elementor-container elementor-column-gap-extended\">\n\t\t\t\t\t<div class=\"elementor-column elementor-col-50 elementor-inner-column elementor-element elementor-element-744d1436\" data-id=\"744d1436\" data-element_type=\"column\" data-e-type=\"column\">\n\t\t\t<div class=\"elementor-widget-wrap elementor-element-populated\">\n\t\t\t\t\t\t<div class=\"elementor-element elementor-element-5a8e2d58 wpr-step-type-number_text wpr-step-content-layout-vertical wpr-custom-styles-yes elementor-widget elementor-widget-wpr-form-builder\" data-id=\"5a8e2d58\" data-element_type=\"widget\" data-e-type=\"widget\" data-settings=\"{&quot;success_message&quot;:&quot;Submission successful&quot;,&quot;error_message&quot;:&quot;Submission failed&quot;,&quot;button_width&quot;:{&quot;unit&quot;:&quot;%&quot;,&quot;size&quot;:100,&quot;sizes&quot;:[]},&quot;button_width_tablet&quot;:{&quot;unit&quot;:&quot;px&quot;,&quot;size&quot;:&quot;&quot;,&quot;sizes&quot;:[]},&quot;button_width_mobile&quot;:{&quot;unit&quot;:&quot;px&quot;,&quot;size&quot;:&quot;&quot;,&quot;sizes&quot;:[]},&quot;step_type&quot;:&quot;number_text&quot;,&quot;step_content_layout&quot;:&quot;vertical&quot;}\" data-widget_type=\"wpr-form-builder.default\">\n\t\t\t\t<div class=\"elementor-widget-container\">\n\t\t\t\t\t\t\t<form class=\"wpr-form\" method=\"post\" name=\"New Form\" page=\"PLANO DE REFORMA\" page_id=\"1089\" novalidate>\n\t\t\t<input type=\"hidden\" name=\"post_id\" value=\"1089\"\/>\n\t\t\t<input type=\"hidden\" name=\"form_id\" value=\"5a8e2d58\"\/>\n\t\t\t<input type=\"hidden\" name=\"referer_title\" value=\"\" \/>\n\n\t\t\t<div class=\"wpr-step-wrap\"><\/div>\n\t\t\t<div class=\"wpr-form-fields-wrap wpr-labels-above\">\n\t\t\t\t\t\t\t\t\t<div class=\"wpr-form-field-type-text wpr-field-group wpr-column wpr-field-group-name elementor-repeater-item-da47d56\">\n\t\t\t\t\t\t<input size=\"1 \"type=\"text\" name=\"form_fields[name]\" id=\"form-field-name\" class=\"wpr-form-field  wpr-form-field-textual\" placeholder=\"Nome\">\t\t\t\t\t<\/div>\n\t\t\t\t\t\t\t\t\t<div class=\"wpr-form-field-type-email wpr-field-group wpr-column wpr-field-group-email elementor-repeater-item-2a57d19 wpr-form-field-required\">\n\t\t\t\t\t\t<input size=\"1 \"type=\"email\" name=\"form_fields[email]\" id=\"form-field-email\" class=\"wpr-form-field  wpr-form-field-textual\" placeholder=\"E-mail\" required=\"required\" aria-required=\"true\">\t\t\t\t\t<\/div>\n\t\t\t\t\t\t\t\t\t<div class=\"wpr-form-field-type-textarea wpr-field-group wpr-column wpr-field-group-message elementor-repeater-item-de18545\">\n\t\t\t\t\t\t<textarea class=\"wpr-form-field-textual wpr-form-field \" name=\"form_fields[message]\" id=\"form-field-message\" rows=\"7\" placeholder=\"Mensagem\"><\/textarea>\t\t\t\t\t<\/div>\n\t\t\t\t<div class=\"wpr-field-group wpr-stp-btns-wrap wpr-column wpr-form-field-type-submit\" data-actions=\"[&quot;email&quot;]\" data-redirect-url=\"\" data-mailchimp-fields=\"{&quot;email_field&quot;:&quot;&quot;,&quot;first_name_field&quot;:&quot;&quot;,&quot;last_name_field&quot;:&quot;&quot;,&quot;address_field&quot;:&quot;&quot;,&quot;phone_field&quot;:&quot;&quot;,&quot;birthday_field&quot;:&quot;&quot;,&quot;group_id&quot;:&quot;&quot;}\" data-list-id=\"\">\t\t\t<button type=\"submit\" class=\"wpr-button\">\n\t\t\t\t<span >\n\t\t\t\t\t\t\t\t\t\t\t\t\t<span class=\"wpr-align-icon-left elementor-button-icon\">\n\t\t\t<i aria-hidden=\"true\" class=\"far fa-envelope\"><\/i>\t\t\t\t\t\t\t<span class=\"wpr-hidden-element\">Submit<\/span>\n\t\t\t\t\t<\/span>\n\t\t\t\t\t\t\t\t\t\t\t\t\t\t\t\t\t<span>Enviar<\/span>\n\t\t\t\t\t\t\t\t\t\t\t\t\t\t<\/span>\t\n\t\t\t\t<div class=\"wpr-double-bounce wpr-loader-hidden\">\n\t\t\t\t\t<div class=\"wpr-child wpr-double-bounce1\"><\/div>\n\t\t\t\t\t<div class=\"wpr-child wpr-double-bounce2\"><\/div>\n\t\t\t\t<\/div>\n\t\t\t<\/button>\n\t\t<\/div>\t\t\t\t\n\t\t\t<\/div>\n\t\t<\/form>\n\t  \t\t\t\t<\/div>\n\t\t\t\t<\/div>\n\t\t\t\t\t<\/div>\n\t\t<\/div>\n\t\t\t\t<div class=\"elementor-column elementor-col-50 elementor-inner-column elementor-element elementor-element-58c89b0f\" data-id=\"58c89b0f\" data-element_type=\"column\" data-e-type=\"column\">\n\t\t\t<div class=\"elementor-widget-wrap elementor-element-populated\">\n\t\t\t\t\t\t<div class=\"elementor-element elementor-element-1dbdf8a4 elementor-widget elementor-widget-heading\" data-id=\"1dbdf8a4\" data-element_type=\"widget\" data-e-type=\"widget\" data-widget_type=\"heading.default\">\n\t\t\t\t<div class=\"elementor-widget-container\">\n\t\t\t\t\t<h3 class=\"elementor-heading-title elementor-size-default\">Entre em contato <\/h3>\t\t\t\t<\/div>\n\t\t\t\t<\/div>\n\t\t\t\t<div class=\"elementor-element elementor-element-2c17c82b elementor-widget-divider--view-line elementor-widget elementor-widget-divider\" data-id=\"2c17c82b\" data-element_type=\"widget\" data-e-type=\"widget\" data-widget_type=\"divider.default\">\n\t\t\t\t<div class=\"elementor-widget-container\">\n\t\t\t\t\t\t\t<div class=\"elementor-divider\">\n\t\t\t<span class=\"elementor-divider-separator\">\n\t\t\t\t\t\t<\/span>\n\t\t<\/div>\n\t\t\t\t\t\t<\/div>\n\t\t\t\t<\/div>\n\t\t\t\t<div class=\"elementor-element elementor-element-1fde38ad elementor-widget elementor-widget-text-editor\" data-id=\"1fde38ad\" data-element_type=\"widget\" data-e-type=\"widget\" data-widget_type=\"text-editor.default\">\n\t\t\t\t<div class=\"elementor-widget-container\">\n\t\t\t\t\t\t\t\t\t<p><b><span style=\"font-family: Arial, serif;\"><span style=\"font-size: large;\">Quer reformar seu apartamento? Precisa de um Plano de Reforma? Fale conosco, podemos ajud\u00e1-lo.<\/span><\/span><\/b><\/p>\t\t\t\t\t\t\t\t<\/div>\n\t\t\t\t<\/div>\n\t\t\t\t<div class=\"elementor-element elementor-element-4c4099b5 elementor-widget elementor-widget-text-editor\" data-id=\"4c4099b5\" data-element_type=\"widget\" data-e-type=\"widget\" data-widget_type=\"text-editor.default\">\n\t\t\t\t<div class=\"elementor-widget-container\">\n\t\t\t\t\t\t\t\t\t<p>Endere\u00e7o: Rua Aricurana, 335 \u2013 C.A.E. Carvalho \u2013 S\u00e3o Paulo-SP<br \/>Telefone : (11) 2308-0890<br \/>WhatsApp: (11) 93225-5238.<\/p>\t\t\t\t\t\t\t\t<\/div>\n\t\t\t\t<\/div>\n\t\t\t\t\t<\/div>\n\t\t<\/div>\n\t\t\t\t\t<\/div>\n\t\t<\/section>\n\t\t\t\t\t<\/div>\n\t\t<\/div>\n\t\t\t\t\t<\/div>\n\t\t<\/section>\n\t\t\t\t<\/div>\n\t\t","protected":false},"excerpt":{"rendered":"<p>Plano de reforma Nossos servi\u00e7os Plano de reforma &#8211; NBR 16280\/2015 Elaboramos laudos t\u00e9cnicos e Planos de Reforma em S\u00e3o Paulo e regi\u00e3o metropolitana, em conformidade com a NBR-16.280\/2015. O que \u00e9 o Plano de reforma? O Plano de Reforma \u00e9 um documento exigido pela norma brasileira NBR 16280, que estabelece as diretrizes para a realiza\u00e7\u00e3o de reformas em edifica\u00e7\u00f5es. Este plano deve conter todas as informa\u00e7\u00f5es sobre a reforma que ser\u00e1 realizada, incluindo os detalhes t\u00e9cnicos do projeto, os materiais que ser\u00e3o utilizados, a previs\u00e3o de custos, o cronograma de execu\u00e7\u00e3o, entre outros aspectos. Por que fazer o plano de reforma? A NBR 16280 foi criada com o objetivo de garantir a seguran\u00e7a das edifica\u00e7\u00f5es e das pessoas que nelas habitam ou transitam. Ela estabelece que qualquer reforma que possa comprometer a seguran\u00e7a da edifica\u00e7\u00e3o ou que altere ou comprometa a estrutura e sistemas deve ser submetida \u00e0 an\u00e1lise da construtora\/incorporadora e do projetista, dentro do prazo de garantia. Ap\u00f3s esse prazo, deve ser submetida \u00e0 an\u00e1lise de um profissional habilitado.A norma \u00e9 obrigat\u00f3ria para apartamentos porque as reformas realizadas em uma unidade podem afetar a seguran\u00e7a de todo o edif\u00edcio. Por exemplo, a remo\u00e7\u00e3o de uma parede estrutural pode comprometer a estabilidade da edifica\u00e7\u00e3o, enquanto altera\u00e7\u00f5es no sistema hidr\u00e1ulico ou el\u00e9trico podem afetar outras unidades ou \u00e1reas comuns. Por que \u00e9 importante? O Plano de Reforma \u00e9 uma ferramenta importante para garantir que as reformas sejam realizadas de forma segura e de acordo com as normas t\u00e9cnicas, minimizando os riscos de acidentes e danos \u00e0 edifica\u00e7\u00e3o. Al\u00e9m disso, ele tamb\u00e9m contribui para a organiza\u00e7\u00e3o e planejamento da reforma, facilitando a gest\u00e3o do projeto e a comunica\u00e7\u00e3o entre todas as partes envolvidas. Submit Enviar Entre em contato Quer reformar seu apartamento? Precisa de um Plano de Reforma? Fale conosco, podemos ajud\u00e1-lo. Endere\u00e7o: Rua Aricurana, 335 \u2013 C.A.E. Carvalho \u2013 S\u00e3o Paulo-SPTelefone : (11) 2308-0890WhatsApp: (11) 93225-5238.<\/p>\n","protected":false},"author":1,"featured_media":0,"parent":0,"menu_order":0,"comment_status":"closed","ping_status":"closed","template":"elementor_header_footer","meta":{"om_disable_all_campaigns":false,"_exactmetrics_skip_tracking":false,"_exactmetrics_sitenote_active":false,"_exactmetrics_sitenote_note":"","_exactmetrics_sitenote_category":0,"_uf_show_specific_survey":0,"_uf_disable_surveys":false,"_joinchat":[],"footnotes":""},"class_list":["post-1089","page","type-page","status-publish","hentry"],"aioseo_notices":[],"_links":{"self":[{"href":"https:\/\/a2m1engenharia.com.br\/index.php\/wp-json\/wp\/v2\/pages\/1089","targetHints":{"allow":["GET"]}}],"collection":[{"href":"https:\/\/a2m1engenharia.com.br\/index.php\/wp-json\/wp\/v2\/pages"}],"about":[{"href":"https:\/\/a2m1engenharia.com.br\/index.php\/wp-json\/wp\/v2\/types\/page"}],"author":[{"embeddable":true,"href":"https:\/\/a2m1engenharia.com.br\/index.php\/wp-json\/wp\/v2\/users\/1"}],"replies":[{"embeddable":true,"href":"https:\/\/a2m1engenharia.com.br\/index.php\/wp-json\/wp\/v2\/comments?post=1089"}],"version-history":[{"count":4,"href":"https:\/\/a2m1engenharia.com.br\/index.php\/wp-json\/wp\/v2\/pages\/1089\/revisions"}],"predecessor-version":[{"id":1094,"href":"https:\/\/a2m1engenharia.com.br\/index.php\/wp-json\/wp\/v2\/pages\/1089\/revisions\/1094"}],"wp:attachment":[{"href":"https:\/\/a2m1engenharia.com.br\/index.php\/wp-json\/wp\/v2\/media?parent=1089"}],"curies":[{"name":"wp","href":"https:\/\/api.w.org\/{rel}","templated":true}]}}