{"id":1101,"date":"2023-10-16T22:21:02","date_gmt":"2023-10-17T01:21:02","guid":{"rendered":"https:\/\/a2m1engenharia.com.br\/?page_id=1101"},"modified":"2023-10-30T14:43:00","modified_gmt":"2023-10-30T17:43:00","slug":"aprovacao-de-projeto-e-regularizacao-de-imoveis","status":"publish","type":"page","link":"https:\/\/a2m1engenharia.com.br\/index.php\/aprovacao-de-projeto-e-regularizacao-de-imoveis\/","title":{"rendered":"APROVA\u00c7\u00c3O DE PROJETO E REGULARIZA\u00c7\u00c3O DE IM\u00d3VEIS"},"content":{"rendered":"\t\t<div data-elementor-type=\"wp-page\" data-elementor-id=\"1101\" class=\"elementor elementor-1101\">\n\t\t\t\t\t\t<section class=\"elementor-section elementor-top-section elementor-element elementor-element-319cd15 elementor-section-height-min-height elementor-section-content-middle elementor-section-boxed elementor-section-height-default elementor-section-items-middle wpr-particle-no wpr-jarallax-no wpr-parallax-no wpr-sticky-section-no wpr-equal-height-no\" data-id=\"319cd15\" data-element_type=\"section\" data-e-type=\"section\" data-settings=\"{&quot;background_background&quot;:&quot;classic&quot;}\">\n\t\t\t\t\t\t\t<div class=\"elementor-background-overlay\"><\/div>\n\t\t\t\t\t\t\t<div class=\"elementor-container elementor-column-gap-default\">\n\t\t\t\t\t<div class=\"elementor-column elementor-col-100 elementor-top-column elementor-element elementor-element-6efd9ca2\" data-id=\"6efd9ca2\" data-element_type=\"column\" data-e-type=\"column\">\n\t\t\t<div class=\"elementor-widget-wrap elementor-element-populated\">\n\t\t\t\t\t\t<div class=\"elementor-element elementor-element-ec34e9f elementor-widget elementor-widget-heading\" data-id=\"ec34e9f\" data-element_type=\"widget\" data-e-type=\"widget\" data-widget_type=\"heading.default\">\n\t\t\t\t<div class=\"elementor-widget-container\">\n\t\t\t\t\t<h2 class=\"elementor-heading-title elementor-size-default\">Aprova\u00e7\u00e3o e regulariza\u00e7\u00e3o<\/h2>\t\t\t\t<\/div>\n\t\t\t\t<\/div>\n\t\t\t\t\t<\/div>\n\t\t<\/div>\n\t\t\t\t\t<\/div>\n\t\t<\/section>\n\t\t\t\t<section class=\"elementor-section elementor-top-section elementor-element elementor-element-6da636f elementor-section-boxed elementor-section-height-default elementor-section-height-default wpr-particle-no wpr-jarallax-no wpr-parallax-no wpr-sticky-section-no wpr-equal-height-no\" data-id=\"6da636f\" data-element_type=\"section\" data-e-type=\"section\">\n\t\t\t\t\t\t<div class=\"elementor-container elementor-column-gap-default\">\n\t\t\t\t\t<div class=\"elementor-column elementor-col-100 elementor-top-column elementor-element elementor-element-24de2b3a\" data-id=\"24de2b3a\" data-element_type=\"column\" data-e-type=\"column\">\n\t\t\t<div class=\"elementor-widget-wrap elementor-element-populated\">\n\t\t\t\t\t\t<div class=\"elementor-element elementor-element-73eca34c elementor-widget elementor-widget-text-editor\" data-id=\"73eca34c\" data-element_type=\"widget\" data-e-type=\"widget\" data-widget_type=\"text-editor.default\">\n\t\t\t\t<div class=\"elementor-widget-container\">\n\t\t\t\t\t\t\t\t\t<p>Nossos servi\u00e7os<\/p>\t\t\t\t\t\t\t\t<\/div>\n\t\t\t\t<\/div>\n\t\t\t\t<div class=\"elementor-element elementor-element-39b95e51 elementor-widget elementor-widget-heading\" data-id=\"39b95e51\" data-element_type=\"widget\" data-e-type=\"widget\" data-widget_type=\"heading.default\">\n\t\t\t\t<div class=\"elementor-widget-container\">\n\t\t\t\t\t<h2 class=\"elementor-heading-title elementor-size-default\">Aprova\u00e7\u00e3o de  projeto e regulariza\u00e7\u00e3o de imov\u00e9is<\/h2>\t\t\t\t<\/div>\n\t\t\t\t<\/div>\n\t\t\t\t<div class=\"elementor-element elementor-element-7870b67f elementor-widget elementor-widget-text-editor\" data-id=\"7870b67f\" data-element_type=\"widget\" data-e-type=\"widget\" data-widget_type=\"text-editor.default\">\n\t\t\t\t<div class=\"elementor-widget-container\">\n\t\t\t\t\t\t\t\t\t<p style=\"text-align: left;\"><span style=\"font-family: Arial, serif;\"><span style=\"font-size: medium;\">Somos especializados em aprova\u00e7\u00e3o de projetos no Munic\u00edpio de S\u00e3o Paulo. Trabalhamos com aprova\u00e7\u00e3o de projeto nas modalidades:<\/span><\/span><\/p><ul><li style=\"text-align: left;\"><span style=\"font-family: Arial, serif;\"><span style=\"font-size: medium;\">Alvar\u00e1 de aprova\u00e7\u00e3o e execu\u00e7\u00e3o de edifica\u00e7\u00e3o nova, <\/span><\/span><\/li><li style=\"text-align: left;\"><span style=\"font-family: Arial, serif;\"><span style=\"font-size: medium;\">Alvar\u00e1 de aprova\u00e7\u00e3o e execu\u00e7\u00e3o de reforma,<\/span><\/span><\/li><li style=\"text-align: left;\"><span style=\"font-family: Arial, serif;\"><span style=\"font-size: medium;\">Alvar\u00e1 de desdobro de lote,<\/span><\/span><\/li><li style=\"text-align: left;\"><span style=\"font-family: Arial, serif;\"><span style=\"font-size: medium;\">Alvar\u00e1 de remembramento de lote,<\/span><\/span><\/li><li style=\"text-align: left;\"><span style=\"font-family: Arial, serif;\"><span style=\"font-size: medium;\">Certificado de regulariza\u00e7\u00e3o de im\u00f3vel pela Lei 17202\/2019<\/span><\/span><\/li><\/ul><p style=\"text-align: left;\"><span style=\"font-family: Arial, serif;\"><span style=\"font-size: medium;\">Para a constru\u00e7\u00e3o ou reforma de im\u00f3veis residenciais, s\u00e3o necess\u00e1rios diversos alvar\u00e1s e licen\u00e7as, que variam de acordo com a legisla\u00e7\u00e3o local. No entanto, de forma geral, os principais s\u00e3o:<\/span><\/span><\/p><p style=\"text-align: left;\"><span style=\"font-family: Arial, serif;\"><span style=\"font-size: medium;\"><strong>1. Alvar\u00e1 de Constru\u00e7\u00e3o:<\/strong> Este \u00e9 o principal documento necess\u00e1rio para iniciar uma obra. Ele \u00e9 emitido pela prefeitura ap\u00f3s a an\u00e1lise e aprova\u00e7\u00e3o do projeto arquitet\u00f4nico, garantindo que a constru\u00e7\u00e3o est\u00e1 de acordo com as normas urban\u00edsticas e de seguran\u00e7a.<\/span><\/span><\/p><p style=\"text-align: left;\"><span style=\"font-family: Arial, serif;\"><span style=\"font-size: medium;\"><strong>2. Licen\u00e7a Ambiental:<\/strong> Dependendo do porte e da localiza\u00e7\u00e3o da obra, pode ser necess\u00e1rio obter uma licen\u00e7a ambiental, que \u00e9 emitida pelos \u00f3rg\u00e3os ambientais ap\u00f3s a an\u00e1lise do impacto ambiental da constru\u00e7\u00e3o.<\/span><\/span><\/p><p style=\"text-align: left;\"><span style=\"font-family: Arial, serif;\"><span style=\"font-size: medium;\"><strong>3. Alvar\u00e1 de Reforma:<\/strong> Para reformas que alterem a estrutura ou a fachada do im\u00f3vel, \u00e9 necess\u00e1rio obter um alvar\u00e1 de reforma, que tamb\u00e9m \u00e9 emitido pela prefeitura ap\u00f3s a an\u00e1lise e aprova\u00e7\u00e3o do projeto.<\/span><\/span><\/p>\t\t\t\t\t\t\t\t<\/div>\n\t\t\t\t<\/div>\n\t\t\t\t<div class=\"elementor-element elementor-element-4fb4dc61 elementor-widget elementor-widget-heading\" data-id=\"4fb4dc61\" data-element_type=\"widget\" data-e-type=\"widget\" data-widget_type=\"heading.default\">\n\t\t\t\t<div class=\"elementor-widget-container\">\n\t\t\t\t\t<h2 class=\"elementor-heading-title elementor-size-default\">Por que a aprova\u00e7\u00e3o do projeto \u00e9 importante?<\/h2>\t\t\t\t<\/div>\n\t\t\t\t<\/div>\n\t\t\t\t<div class=\"elementor-element elementor-element-126731fb elementor-widget elementor-widget-text-editor\" data-id=\"126731fb\" data-element_type=\"widget\" data-e-type=\"widget\" data-widget_type=\"text-editor.default\">\n\t\t\t\t<div class=\"elementor-widget-container\">\n\t\t\t\t\t\t\t\t\t<p style=\"text-align: left;\"><span style=\"font-family: Arial, serif;\"><span style=\"font-size: medium;\">A aprova\u00e7\u00e3o da constru\u00e7\u00e3o ou reforma de um im\u00f3vel na prefeitura \u00e9 importante por diversos motivos. Primeiramente, ela garante que a obra est\u00e1 de acordo com as normas urban\u00edsticas e de seguran\u00e7a, minimizando os riscos de acidentes e garantindo a qualidade da constru\u00e7\u00e3o. Al\u00e9m disso, a aprova\u00e7\u00e3o tamb\u00e9m \u00e9 fundamental para a legalidade da obra, evitando problemas legais e multas.<\/span><\/span><\/p><p style=\"text-align: left;\"><span style=\"font-family: Arial, serif;\"><span style=\"font-size: medium;\">Outro aspecto importante \u00e9 que a aprova\u00e7\u00e3o da obra na prefeitura contribui para a valoriza\u00e7\u00e3o do im\u00f3vel. Im\u00f3veis regularizados tendem a ter um valor de mercado maior e s\u00e3o mais facilmente negociados. Por fim, a aprova\u00e7\u00e3o tamb\u00e9m \u00e9 necess\u00e1ria para a obten\u00e7\u00e3o de financiamentos e para a contrata\u00e7\u00e3o de seguros para a obra.<\/span><\/span><\/p>\t\t\t\t\t\t\t\t<\/div>\n\t\t\t\t<\/div>\n\t\t\t\t\t<\/div>\n\t\t<\/div>\n\t\t\t\t\t<\/div>\n\t\t<\/section>\n\t\t\t\t<section class=\"elementor-section elementor-top-section elementor-element elementor-element-37467849 elementor-section-content-middle elementor-section-boxed elementor-section-height-default elementor-section-height-default wpr-particle-no wpr-jarallax-no wpr-parallax-no wpr-sticky-section-no wpr-equal-height-no\" data-id=\"37467849\" data-element_type=\"section\" data-e-type=\"section\" data-settings=\"{&quot;background_background&quot;:&quot;classic&quot;}\">\n\t\t\t\t\t\t\t<div class=\"elementor-background-overlay\"><\/div>\n\t\t\t\t\t\t\t<div class=\"elementor-container elementor-column-gap-default\">\n\t\t\t\t\t<div class=\"elementor-column elementor-col-100 elementor-top-column elementor-element elementor-element-781746e0\" data-id=\"781746e0\" data-element_type=\"column\" data-e-type=\"column\">\n\t\t\t<div class=\"elementor-widget-wrap\">\n\t\t\t\t\t\t\t<\/div>\n\t\t<\/div>\n\t\t\t\t\t<\/div>\n\t\t<\/section>\n\t\t\t\t<section class=\"elementor-section elementor-top-section elementor-element elementor-element-455c69af elementor-section-boxed elementor-section-height-default elementor-section-height-default wpr-particle-no wpr-jarallax-no wpr-parallax-no wpr-sticky-section-no wpr-equal-height-no\" data-id=\"455c69af\" data-element_type=\"section\" data-e-type=\"section\">\n\t\t\t\t\t\t<div class=\"elementor-container elementor-column-gap-default\">\n\t\t\t\t\t<div class=\"elementor-column elementor-col-100 elementor-top-column elementor-element elementor-element-79ac4b4e\" data-id=\"79ac4b4e\" data-element_type=\"column\" data-e-type=\"column\">\n\t\t\t<div class=\"elementor-widget-wrap elementor-element-populated\">\n\t\t\t\t\t\t<section class=\"elementor-section elementor-inner-section elementor-element elementor-element-2ccce3fc elementor-section-boxed elementor-section-height-default elementor-section-height-default wpr-particle-no wpr-jarallax-no wpr-parallax-no wpr-sticky-section-no wpr-equal-height-no\" data-id=\"2ccce3fc\" data-element_type=\"section\" data-e-type=\"section\" data-settings=\"{&quot;background_background&quot;:&quot;classic&quot;}\">\n\t\t\t\t\t\t<div class=\"elementor-container elementor-column-gap-extended\">\n\t\t\t\t\t<div class=\"elementor-column elementor-col-50 elementor-inner-column elementor-element elementor-element-10f4737b\" data-id=\"10f4737b\" data-element_type=\"column\" data-e-type=\"column\">\n\t\t\t<div class=\"elementor-widget-wrap elementor-element-populated\">\n\t\t\t\t\t\t<div class=\"elementor-element elementor-element-43bd4276 wpr-step-type-number_text wpr-step-content-layout-vertical wpr-custom-styles-yes elementor-widget elementor-widget-wpr-form-builder\" data-id=\"43bd4276\" data-element_type=\"widget\" data-e-type=\"widget\" data-settings=\"{&quot;success_message&quot;:&quot;Submission successful&quot;,&quot;error_message&quot;:&quot;Submission failed&quot;,&quot;button_width&quot;:{&quot;unit&quot;:&quot;%&quot;,&quot;size&quot;:100,&quot;sizes&quot;:[]},&quot;button_width_tablet&quot;:{&quot;unit&quot;:&quot;px&quot;,&quot;size&quot;:&quot;&quot;,&quot;sizes&quot;:[]},&quot;button_width_mobile&quot;:{&quot;unit&quot;:&quot;px&quot;,&quot;size&quot;:&quot;&quot;,&quot;sizes&quot;:[]},&quot;step_type&quot;:&quot;number_text&quot;,&quot;step_content_layout&quot;:&quot;vertical&quot;}\" data-widget_type=\"wpr-form-builder.default\">\n\t\t\t\t<div class=\"elementor-widget-container\">\n\t\t\t\t\t\t\t<form class=\"wpr-form\" method=\"post\" name=\"New Form\" page=\"APROVA\u00c7\u00c3O DE PROJETO E REGULARIZA\u00c7\u00c3O DE IM\u00d3VEIS\" page_id=\"1101\" novalidate>\n\t\t\t<input type=\"hidden\" name=\"post_id\" value=\"1101\"\/>\n\t\t\t<input type=\"hidden\" name=\"form_id\" value=\"43bd4276\"\/>\n\t\t\t<input type=\"hidden\" name=\"referer_title\" value=\"\" \/>\n\n\t\t\t<div class=\"wpr-step-wrap\"><\/div>\n\t\t\t<div class=\"wpr-form-fields-wrap wpr-labels-above\">\n\t\t\t\t\t\t\t\t\t<div class=\"wpr-form-field-type-text wpr-field-group wpr-column wpr-field-group-name elementor-repeater-item-da47d56\">\n\t\t\t\t\t\t<input size=\"1 \"type=\"text\" name=\"form_fields[name]\" id=\"form-field-name\" class=\"wpr-form-field  wpr-form-field-textual\" placeholder=\"Nome\">\t\t\t\t\t<\/div>\n\t\t\t\t\t\t\t\t\t<div class=\"wpr-form-field-type-email wpr-field-group wpr-column wpr-field-group-email elementor-repeater-item-2a57d19 wpr-form-field-required\">\n\t\t\t\t\t\t<input size=\"1 \"type=\"email\" name=\"form_fields[email]\" id=\"form-field-email\" class=\"wpr-form-field  wpr-form-field-textual\" placeholder=\"E-mail\" required=\"required\" aria-required=\"true\">\t\t\t\t\t<\/div>\n\t\t\t\t\t\t\t\t\t<div class=\"wpr-form-field-type-textarea wpr-field-group wpr-column wpr-field-group-message elementor-repeater-item-de18545\">\n\t\t\t\t\t\t<textarea class=\"wpr-form-field-textual wpr-form-field \" name=\"form_fields[message]\" id=\"form-field-message\" rows=\"7\" placeholder=\"Mensagem\"><\/textarea>\t\t\t\t\t<\/div>\n\t\t\t\t<div class=\"wpr-field-group wpr-stp-btns-wrap wpr-column wpr-form-field-type-submit\" data-actions=\"[&quot;email&quot;]\" data-redirect-url=\"\" data-mailchimp-fields=\"{&quot;email_field&quot;:&quot;&quot;,&quot;first_name_field&quot;:&quot;&quot;,&quot;last_name_field&quot;:&quot;&quot;,&quot;address_field&quot;:&quot;&quot;,&quot;phone_field&quot;:&quot;&quot;,&quot;birthday_field&quot;:&quot;&quot;,&quot;group_id&quot;:&quot;&quot;}\" data-list-id=\"\">\t\t\t<button type=\"submit\" class=\"wpr-button\">\n\t\t\t\t<span >\n\t\t\t\t\t\t\t\t\t\t\t\t\t<span class=\"wpr-align-icon-left elementor-button-icon\">\n\t\t\t<i aria-hidden=\"true\" class=\"far fa-envelope\"><\/i>\t\t\t\t\t\t\t<span class=\"wpr-hidden-element\">Submit<\/span>\n\t\t\t\t\t<\/span>\n\t\t\t\t\t\t\t\t\t\t\t\t\t\t\t\t\t<span>Enviar<\/span>\n\t\t\t\t\t\t\t\t\t\t\t\t\t\t<\/span>\t\n\t\t\t\t<div class=\"wpr-double-bounce wpr-loader-hidden\">\n\t\t\t\t\t<div class=\"wpr-child wpr-double-bounce1\"><\/div>\n\t\t\t\t\t<div class=\"wpr-child wpr-double-bounce2\"><\/div>\n\t\t\t\t<\/div>\n\t\t\t<\/button>\n\t\t<\/div>\t\t\t\t\n\t\t\t<\/div>\n\t\t<\/form>\n\t  \t\t\t\t<\/div>\n\t\t\t\t<\/div>\n\t\t\t\t\t<\/div>\n\t\t<\/div>\n\t\t\t\t<div class=\"elementor-column elementor-col-50 elementor-inner-column elementor-element elementor-element-48792ad1\" data-id=\"48792ad1\" data-element_type=\"column\" data-e-type=\"column\">\n\t\t\t<div class=\"elementor-widget-wrap elementor-element-populated\">\n\t\t\t\t\t\t<div class=\"elementor-element elementor-element-72860d41 elementor-widget elementor-widget-heading\" data-id=\"72860d41\" data-element_type=\"widget\" data-e-type=\"widget\" data-widget_type=\"heading.default\">\n\t\t\t\t<div class=\"elementor-widget-container\">\n\t\t\t\t\t<h3 class=\"elementor-heading-title elementor-size-default\">Entre em contato <\/h3>\t\t\t\t<\/div>\n\t\t\t\t<\/div>\n\t\t\t\t<div class=\"elementor-element elementor-element-7f0b2452 elementor-widget-divider--view-line elementor-widget elementor-widget-divider\" data-id=\"7f0b2452\" data-element_type=\"widget\" data-e-type=\"widget\" data-widget_type=\"divider.default\">\n\t\t\t\t<div class=\"elementor-widget-container\">\n\t\t\t\t\t\t\t<div class=\"elementor-divider\">\n\t\t\t<span class=\"elementor-divider-separator\">\n\t\t\t\t\t\t<\/span>\n\t\t<\/div>\n\t\t\t\t\t\t<\/div>\n\t\t\t\t<\/div>\n\t\t\t\t<div class=\"elementor-element elementor-element-583c4617 elementor-widget elementor-widget-text-editor\" data-id=\"583c4617\" data-element_type=\"widget\" data-e-type=\"widget\" data-widget_type=\"text-editor.default\">\n\t\t\t\t<div class=\"elementor-widget-container\">\n\t\t\t\t\t\t\t\t\t<p><b><span style=\"font-family: Arial, serif;\"><span style=\"font-size: large;\">Quer o seu im\u00f3vel regularizado e valorizado? Entre em contato conosco e agende uma reuni\u00e3o. <\/span><\/span><\/b><\/p>\t\t\t\t\t\t\t\t<\/div>\n\t\t\t\t<\/div>\n\t\t\t\t<div class=\"elementor-element elementor-element-7a831f54 elementor-widget elementor-widget-text-editor\" data-id=\"7a831f54\" data-element_type=\"widget\" data-e-type=\"widget\" data-widget_type=\"text-editor.default\">\n\t\t\t\t<div class=\"elementor-widget-container\">\n\t\t\t\t\t\t\t\t\t<p>Endere\u00e7o: Rua Aricurana, 335 \u2013 C.A.E. Carvalho \u2013 S\u00e3o Paulo-SP<br \/>Telefone : (11) 2308-0890<br \/>WhatsApp: (11) 93225-5238.<\/p>\t\t\t\t\t\t\t\t<\/div>\n\t\t\t\t<\/div>\n\t\t\t\t\t<\/div>\n\t\t<\/div>\n\t\t\t\t\t<\/div>\n\t\t<\/section>\n\t\t\t\t\t<\/div>\n\t\t<\/div>\n\t\t\t\t\t<\/div>\n\t\t<\/section>\n\t\t\t\t<\/div>\n\t\t","protected":false},"excerpt":{"rendered":"<p>Aprova\u00e7\u00e3o e regulariza\u00e7\u00e3o Nossos servi\u00e7os Aprova\u00e7\u00e3o de projeto e regulariza\u00e7\u00e3o de imov\u00e9is Somos especializados em aprova\u00e7\u00e3o de projetos no Munic\u00edpio de S\u00e3o Paulo. Trabalhamos com aprova\u00e7\u00e3o de projeto nas modalidades: Alvar\u00e1 de aprova\u00e7\u00e3o e execu\u00e7\u00e3o de edifica\u00e7\u00e3o nova, Alvar\u00e1 de aprova\u00e7\u00e3o e execu\u00e7\u00e3o de reforma, Alvar\u00e1 de desdobro de lote, Alvar\u00e1 de remembramento de lote, Certificado de regulariza\u00e7\u00e3o de im\u00f3vel pela Lei 17202\/2019 Para a constru\u00e7\u00e3o ou reforma de im\u00f3veis residenciais, s\u00e3o necess\u00e1rios diversos alvar\u00e1s e licen\u00e7as, que variam de acordo com a legisla\u00e7\u00e3o local. No entanto, de forma geral, os principais s\u00e3o: 1. Alvar\u00e1 de Constru\u00e7\u00e3o: Este \u00e9 o principal documento necess\u00e1rio para iniciar uma obra. Ele \u00e9 emitido pela prefeitura ap\u00f3s a an\u00e1lise e aprova\u00e7\u00e3o do projeto arquitet\u00f4nico, garantindo que a constru\u00e7\u00e3o est\u00e1 de acordo com as normas urban\u00edsticas e de seguran\u00e7a. 2. Licen\u00e7a Ambiental: Dependendo do porte e da localiza\u00e7\u00e3o da obra, pode ser necess\u00e1rio obter uma licen\u00e7a ambiental, que \u00e9 emitida pelos \u00f3rg\u00e3os ambientais ap\u00f3s a an\u00e1lise do impacto ambiental da constru\u00e7\u00e3o. 3. Alvar\u00e1 de Reforma: Para reformas que alterem a estrutura ou a fachada do im\u00f3vel, \u00e9 necess\u00e1rio obter um alvar\u00e1 de reforma, que tamb\u00e9m \u00e9 emitido pela prefeitura ap\u00f3s a an\u00e1lise e aprova\u00e7\u00e3o do projeto. Por que a aprova\u00e7\u00e3o do projeto \u00e9 importante? A aprova\u00e7\u00e3o da constru\u00e7\u00e3o ou reforma de um im\u00f3vel na prefeitura \u00e9 importante por diversos motivos. Primeiramente, ela garante que a obra est\u00e1 de acordo com as normas urban\u00edsticas e de seguran\u00e7a, minimizando os riscos de acidentes e garantindo a qualidade da constru\u00e7\u00e3o. Al\u00e9m disso, a aprova\u00e7\u00e3o tamb\u00e9m \u00e9 fundamental para a legalidade da obra, evitando problemas legais e multas. Outro aspecto importante \u00e9 que a aprova\u00e7\u00e3o da obra na prefeitura contribui para a valoriza\u00e7\u00e3o do im\u00f3vel. Im\u00f3veis regularizados tendem a ter um valor de mercado maior e s\u00e3o mais facilmente negociados. Por fim, a aprova\u00e7\u00e3o tamb\u00e9m \u00e9 necess\u00e1ria para a obten\u00e7\u00e3o de financiamentos e para a contrata\u00e7\u00e3o de seguros para a obra. Submit Enviar Entre em contato Quer o seu im\u00f3vel regularizado e valorizado? Entre em contato conosco e agende uma reuni\u00e3o. Endere\u00e7o: Rua Aricurana, 335 \u2013 C.A.E. Carvalho \u2013 S\u00e3o Paulo-SPTelefone : (11) 2308-0890WhatsApp: (11) 93225-5238.<\/p>\n","protected":false},"author":1,"featured_media":0,"parent":0,"menu_order":0,"comment_status":"closed","ping_status":"closed","template":"elementor_header_footer","meta":{"om_disable_all_campaigns":false,"_exactmetrics_skip_tracking":false,"_exactmetrics_sitenote_active":false,"_exactmetrics_sitenote_note":"","_exactmetrics_sitenote_category":0,"_uf_show_specific_survey":0,"_uf_disable_surveys":false,"_joinchat":[],"footnotes":""},"class_list":["post-1101","page","type-page","status-publish","hentry"],"aioseo_notices":[],"_links":{"self":[{"href":"https:\/\/a2m1engenharia.com.br\/index.php\/wp-json\/wp\/v2\/pages\/1101","targetHints":{"allow":["GET"]}}],"collection":[{"href":"https:\/\/a2m1engenharia.com.br\/index.php\/wp-json\/wp\/v2\/pages"}],"about":[{"href":"https:\/\/a2m1engenharia.com.br\/index.php\/wp-json\/wp\/v2\/types\/page"}],"author":[{"embeddable":true,"href":"https:\/\/a2m1engenharia.com.br\/index.php\/wp-json\/wp\/v2\/users\/1"}],"replies":[{"embeddable":true,"href":"https:\/\/a2m1engenharia.com.br\/index.php\/wp-json\/wp\/v2\/comments?post=1101"}],"version-history":[{"count":7,"href":"https:\/\/a2m1engenharia.com.br\/index.php\/wp-json\/wp\/v2\/pages\/1101\/revisions"}],"predecessor-version":[{"id":1111,"href":"https:\/\/a2m1engenharia.com.br\/index.php\/wp-json\/wp\/v2\/pages\/1101\/revisions\/1111"}],"wp:attachment":[{"href":"https:\/\/a2m1engenharia.com.br\/index.php\/wp-json\/wp\/v2\/media?parent=1101"}],"curies":[{"name":"wp","href":"https:\/\/api.w.org\/{rel}","templated":true}]}}