{"id":1118,"date":"2023-10-30T14:58:35","date_gmt":"2023-10-30T17:58:35","guid":{"rendered":"https:\/\/a2m1engenharia.com.br\/?page_id=1118"},"modified":"2023-10-30T15:02:08","modified_gmt":"2023-10-30T18:02:08","slug":"design-de-interiores","status":"publish","type":"page","link":"https:\/\/a2m1engenharia.com.br\/index.php\/design-de-interiores\/","title":{"rendered":"DESIGN DE INTERIORES"},"content":{"rendered":"\t\t<div data-elementor-type=\"wp-page\" data-elementor-id=\"1118\" class=\"elementor elementor-1118\">\n\t\t\t\t\t\t<section class=\"elementor-section elementor-top-section elementor-element elementor-element-7ddc40a6 elementor-section-height-min-height elementor-section-content-middle elementor-section-boxed elementor-section-height-default elementor-section-items-middle wpr-particle-no wpr-jarallax-no wpr-parallax-no wpr-sticky-section-no wpr-equal-height-no\" data-id=\"7ddc40a6\" data-element_type=\"section\" data-e-type=\"section\" data-settings=\"{&quot;background_background&quot;:&quot;classic&quot;}\">\n\t\t\t\t\t\t\t<div class=\"elementor-background-overlay\"><\/div>\n\t\t\t\t\t\t\t<div class=\"elementor-container elementor-column-gap-default\">\n\t\t\t\t\t<div class=\"elementor-column elementor-col-100 elementor-top-column elementor-element elementor-element-27d79dac\" data-id=\"27d79dac\" data-element_type=\"column\" data-e-type=\"column\">\n\t\t\t<div class=\"elementor-widget-wrap elementor-element-populated\">\n\t\t\t\t\t\t<div class=\"elementor-element elementor-element-11e5debb elementor-widget elementor-widget-heading\" data-id=\"11e5debb\" data-element_type=\"widget\" data-e-type=\"widget\" data-widget_type=\"heading.default\">\n\t\t\t\t<div class=\"elementor-widget-container\">\n\t\t\t\t\t<h2 class=\"elementor-heading-title elementor-size-default\">Design de interiores<\/h2>\t\t\t\t<\/div>\n\t\t\t\t<\/div>\n\t\t\t\t\t<\/div>\n\t\t<\/div>\n\t\t\t\t\t<\/div>\n\t\t<\/section>\n\t\t\t\t<section class=\"elementor-section elementor-top-section elementor-element elementor-element-47d7738c elementor-section-boxed elementor-section-height-default elementor-section-height-default wpr-particle-no wpr-jarallax-no wpr-parallax-no wpr-sticky-section-no wpr-equal-height-no\" data-id=\"47d7738c\" data-element_type=\"section\" data-e-type=\"section\">\n\t\t\t\t\t\t<div class=\"elementor-container elementor-column-gap-default\">\n\t\t\t\t\t<div class=\"elementor-column elementor-col-100 elementor-top-column elementor-element elementor-element-175de3ac\" data-id=\"175de3ac\" data-element_type=\"column\" data-e-type=\"column\">\n\t\t\t<div class=\"elementor-widget-wrap elementor-element-populated\">\n\t\t\t\t\t\t<div class=\"elementor-element elementor-element-552d36fa elementor-widget elementor-widget-text-editor\" data-id=\"552d36fa\" data-element_type=\"widget\" data-e-type=\"widget\" data-widget_type=\"text-editor.default\">\n\t\t\t\t<div class=\"elementor-widget-container\">\n\t\t\t\t\t\t\t\t\t<p>Nossos servi\u00e7os<\/p>\t\t\t\t\t\t\t\t<\/div>\n\t\t\t\t<\/div>\n\t\t\t\t<div class=\"elementor-element elementor-element-ae37933 elementor-widget elementor-widget-heading\" data-id=\"ae37933\" data-element_type=\"widget\" data-e-type=\"widget\" data-widget_type=\"heading.default\">\n\t\t\t\t<div class=\"elementor-widget-container\">\n\t\t\t\t\t<h2 class=\"elementor-heading-title elementor-size-default\">Design de interiores<\/h2>\t\t\t\t<\/div>\n\t\t\t\t<\/div>\n\t\t\t\t<div class=\"elementor-element elementor-element-2a292e07 elementor-widget elementor-widget-heading\" data-id=\"2a292e07\" data-element_type=\"widget\" data-e-type=\"widget\" data-widget_type=\"heading.default\">\n\t\t\t\t<div class=\"elementor-widget-container\">\n\t\t\t\t\t<h2 class=\"elementor-heading-title elementor-size-default\">O que \u00e9?<\/h2>\t\t\t\t<\/div>\n\t\t\t\t<\/div>\n\t\t\t\t<div class=\"elementor-element elementor-element-1a6604d6 elementor-widget elementor-widget-text-editor\" data-id=\"1a6604d6\" data-element_type=\"widget\" data-e-type=\"widget\" data-widget_type=\"text-editor.default\">\n\t\t\t\t<div class=\"elementor-widget-container\">\n\t\t\t\t\t\t\t\t\t<p>Elaboramos projetos de design de interiores para edifica\u00e7\u00f5es residenciais em S\u00e3o Paulo e regi\u00e3o metropolitana, bem como para todo o Brasil.<\/p><p>O projeto de design de interiores \u00e9 um plano detalhado que define a disposi\u00e7\u00e3o, a decora\u00e7\u00e3o e o mobili\u00e1rio dos espa\u00e7os internos de uma edifica\u00e7\u00e3o. Ele \u00e9 elaborado por um designer de interiores ou arquiteto, que utiliza seus conhecimentos t\u00e9cnicos e art\u00edsticos para criar ambientes funcionais, confort\u00e1veis e esteticamente agrad\u00e1veis. <br \/><br \/><\/p><p>O objetivo do projeto de design de interiores \u00e9 criar ambientes que atendam \u00e0s necessidades e prefer\u00eancias dos usu\u00e1rios, considerando aspectos como conforto, funcionalidade, seguran\u00e7a, ergonomia e est\u00e9tica. Para isso, o designer de interiores considera diversos elementos, como a disposi\u00e7\u00e3o dos m\u00f3veis, as cores, os materiais, a ilumina\u00e7\u00e3o, os revestimentos, os acess\u00f3rios, entre outros.<br \/><br \/>A import\u00e2ncia do projeto de design de interiores reside em sua capacidade de transformar os espa\u00e7os internos, melhorando a qualidade de vida dos usu\u00e1rios. Um bom projeto de design de interiores pode tornar os ambientes mais funcionais, facilitando as atividades di\u00e1rias, e mais confort\u00e1veis, proporcionando bem-estar. Al\u00e9m disso, o projeto de design de interiores tamb\u00e9m contribui para a valoriza\u00e7\u00e3o do im\u00f3vel, tornando-o mais atraente e acolhedor.<br \/><br \/>Outro aspecto importante \u00e9 que o projeto de design de interiores permite a personaliza\u00e7\u00e3o dos ambientes, refletindo a personalidade e o estilo de vida dos usu\u00e1rios. Por fim, o projeto de design de interiores tamb\u00e9m pode contribuir para a sustentabilidade, atrav\u00e9s da escolha de materiais e tecnologias que reduzam o impacto ambiental e promovam a economia de recursos.<\/p>\t\t\t\t\t\t\t\t<\/div>\n\t\t\t\t<\/div>\n\t\t\t\t\t<\/div>\n\t\t<\/div>\n\t\t\t\t\t<\/div>\n\t\t<\/section>\n\t\t\t\t<section class=\"elementor-section elementor-top-section elementor-element elementor-element-5ad837f5 elementor-section-content-middle elementor-section-boxed elementor-section-height-default elementor-section-height-default wpr-particle-no wpr-jarallax-no wpr-parallax-no wpr-sticky-section-no wpr-equal-height-no\" data-id=\"5ad837f5\" data-element_type=\"section\" data-e-type=\"section\" data-settings=\"{&quot;background_background&quot;:&quot;classic&quot;}\">\n\t\t\t\t\t\t\t<div class=\"elementor-background-overlay\"><\/div>\n\t\t\t\t\t\t\t<div class=\"elementor-container elementor-column-gap-default\">\n\t\t\t\t\t<div class=\"elementor-column elementor-col-100 elementor-top-column elementor-element elementor-element-561b8750\" data-id=\"561b8750\" data-element_type=\"column\" data-e-type=\"column\">\n\t\t\t<div class=\"elementor-widget-wrap\">\n\t\t\t\t\t\t\t<\/div>\n\t\t<\/div>\n\t\t\t\t\t<\/div>\n\t\t<\/section>\n\t\t\t\t<section class=\"elementor-section elementor-top-section elementor-element elementor-element-59ce69ff elementor-section-boxed elementor-section-height-default elementor-section-height-default wpr-particle-no wpr-jarallax-no wpr-parallax-no wpr-sticky-section-no wpr-equal-height-no\" data-id=\"59ce69ff\" data-element_type=\"section\" data-e-type=\"section\">\n\t\t\t\t\t\t<div class=\"elementor-container elementor-column-gap-default\">\n\t\t\t\t\t<div class=\"elementor-column elementor-col-100 elementor-top-column elementor-element elementor-element-3cd2abdc\" data-id=\"3cd2abdc\" data-element_type=\"column\" data-e-type=\"column\">\n\t\t\t<div class=\"elementor-widget-wrap elementor-element-populated\">\n\t\t\t\t\t\t<section class=\"elementor-section elementor-inner-section elementor-element elementor-element-6944c93d elementor-section-boxed elementor-section-height-default elementor-section-height-default wpr-particle-no wpr-jarallax-no wpr-parallax-no wpr-sticky-section-no wpr-equal-height-no\" data-id=\"6944c93d\" data-element_type=\"section\" data-e-type=\"section\" data-settings=\"{&quot;background_background&quot;:&quot;classic&quot;}\">\n\t\t\t\t\t\t<div class=\"elementor-container elementor-column-gap-extended\">\n\t\t\t\t\t<div class=\"elementor-column elementor-col-50 elementor-inner-column elementor-element elementor-element-211c824d\" data-id=\"211c824d\" data-element_type=\"column\" data-e-type=\"column\">\n\t\t\t<div class=\"elementor-widget-wrap elementor-element-populated\">\n\t\t\t\t\t\t<div class=\"elementor-element elementor-element-616caf14 wpr-step-type-number_text wpr-step-content-layout-vertical wpr-custom-styles-yes elementor-widget elementor-widget-wpr-form-builder\" data-id=\"616caf14\" data-element_type=\"widget\" data-e-type=\"widget\" data-settings=\"{&quot;success_message&quot;:&quot;Submission successful&quot;,&quot;error_message&quot;:&quot;Submission failed&quot;,&quot;button_width&quot;:{&quot;unit&quot;:&quot;%&quot;,&quot;size&quot;:100,&quot;sizes&quot;:[]},&quot;button_width_tablet&quot;:{&quot;unit&quot;:&quot;px&quot;,&quot;size&quot;:&quot;&quot;,&quot;sizes&quot;:[]},&quot;button_width_mobile&quot;:{&quot;unit&quot;:&quot;px&quot;,&quot;size&quot;:&quot;&quot;,&quot;sizes&quot;:[]},&quot;step_type&quot;:&quot;number_text&quot;,&quot;step_content_layout&quot;:&quot;vertical&quot;}\" data-widget_type=\"wpr-form-builder.default\">\n\t\t\t\t<div class=\"elementor-widget-container\">\n\t\t\t\t\t\t\t<form class=\"wpr-form\" method=\"post\" name=\"New Form\" page=\"DESIGN DE INTERIORES\" page_id=\"1118\" novalidate>\n\t\t\t<input type=\"hidden\" name=\"post_id\" value=\"1118\"\/>\n\t\t\t<input type=\"hidden\" name=\"form_id\" value=\"616caf14\"\/>\n\t\t\t<input type=\"hidden\" name=\"referer_title\" value=\"\" \/>\n\n\t\t\t<div class=\"wpr-step-wrap\"><\/div>\n\t\t\t<div class=\"wpr-form-fields-wrap wpr-labels-above\">\n\t\t\t\t\t\t\t\t\t<div class=\"wpr-form-field-type-text wpr-field-group wpr-column wpr-field-group-name elementor-repeater-item-da47d56\">\n\t\t\t\t\t\t<input size=\"1 \"type=\"text\" name=\"form_fields[name]\" id=\"form-field-name\" class=\"wpr-form-field  wpr-form-field-textual\" placeholder=\"Nome\">\t\t\t\t\t<\/div>\n\t\t\t\t\t\t\t\t\t<div class=\"wpr-form-field-type-email wpr-field-group wpr-column wpr-field-group-email elementor-repeater-item-2a57d19 wpr-form-field-required\">\n\t\t\t\t\t\t<input size=\"1 \"type=\"email\" name=\"form_fields[email]\" id=\"form-field-email\" class=\"wpr-form-field  wpr-form-field-textual\" placeholder=\"E-mail\" required=\"required\" aria-required=\"true\">\t\t\t\t\t<\/div>\n\t\t\t\t\t\t\t\t\t<div class=\"wpr-form-field-type-textarea wpr-field-group wpr-column wpr-field-group-message elementor-repeater-item-de18545\">\n\t\t\t\t\t\t<textarea class=\"wpr-form-field-textual wpr-form-field \" name=\"form_fields[message]\" id=\"form-field-message\" rows=\"7\" placeholder=\"Mensagem\"><\/textarea>\t\t\t\t\t<\/div>\n\t\t\t\t<div class=\"wpr-field-group wpr-stp-btns-wrap wpr-column wpr-form-field-type-submit\" data-actions=\"[&quot;email&quot;]\" data-redirect-url=\"\" data-mailchimp-fields=\"{&quot;email_field&quot;:&quot;&quot;,&quot;first_name_field&quot;:&quot;&quot;,&quot;last_name_field&quot;:&quot;&quot;,&quot;address_field&quot;:&quot;&quot;,&quot;phone_field&quot;:&quot;&quot;,&quot;birthday_field&quot;:&quot;&quot;,&quot;group_id&quot;:&quot;&quot;}\" data-list-id=\"\">\t\t\t<button type=\"submit\" class=\"wpr-button\">\n\t\t\t\t<span >\n\t\t\t\t\t\t\t\t\t\t\t\t\t<span class=\"wpr-align-icon-left elementor-button-icon\">\n\t\t\t<i aria-hidden=\"true\" class=\"far fa-envelope\"><\/i>\t\t\t\t\t\t\t<span class=\"wpr-hidden-element\">Submit<\/span>\n\t\t\t\t\t<\/span>\n\t\t\t\t\t\t\t\t\t\t\t\t\t\t\t\t\t<span>Enviar<\/span>\n\t\t\t\t\t\t\t\t\t\t\t\t\t\t<\/span>\t\n\t\t\t\t<div class=\"wpr-double-bounce wpr-loader-hidden\">\n\t\t\t\t\t<div class=\"wpr-child wpr-double-bounce1\"><\/div>\n\t\t\t\t\t<div class=\"wpr-child wpr-double-bounce2\"><\/div>\n\t\t\t\t<\/div>\n\t\t\t<\/button>\n\t\t<\/div>\t\t\t\t\n\t\t\t<\/div>\n\t\t<\/form>\n\t  \t\t\t\t<\/div>\n\t\t\t\t<\/div>\n\t\t\t\t\t<\/div>\n\t\t<\/div>\n\t\t\t\t<div class=\"elementor-column elementor-col-50 elementor-inner-column elementor-element elementor-element-21a758a1\" data-id=\"21a758a1\" data-element_type=\"column\" data-e-type=\"column\">\n\t\t\t<div class=\"elementor-widget-wrap elementor-element-populated\">\n\t\t\t\t\t\t<div class=\"elementor-element elementor-element-22c38279 elementor-widget elementor-widget-heading\" data-id=\"22c38279\" data-element_type=\"widget\" data-e-type=\"widget\" data-widget_type=\"heading.default\">\n\t\t\t\t<div class=\"elementor-widget-container\">\n\t\t\t\t\t<h3 class=\"elementor-heading-title elementor-size-default\">Entre em contato <\/h3>\t\t\t\t<\/div>\n\t\t\t\t<\/div>\n\t\t\t\t<div class=\"elementor-element elementor-element-23c3e770 elementor-widget-divider--view-line elementor-widget elementor-widget-divider\" data-id=\"23c3e770\" data-element_type=\"widget\" data-e-type=\"widget\" data-widget_type=\"divider.default\">\n\t\t\t\t<div class=\"elementor-widget-container\">\n\t\t\t\t\t\t\t<div class=\"elementor-divider\">\n\t\t\t<span class=\"elementor-divider-separator\">\n\t\t\t\t\t\t<\/span>\n\t\t<\/div>\n\t\t\t\t\t\t<\/div>\n\t\t\t\t<\/div>\n\t\t\t\t<div class=\"elementor-element elementor-element-6c47a519 elementor-widget elementor-widget-text-editor\" data-id=\"6c47a519\" data-element_type=\"widget\" data-e-type=\"widget\" data-widget_type=\"text-editor.default\">\n\t\t\t\t<div class=\"elementor-widget-container\">\n\t\t\t\t\t\t\t\t\t<p><b><span style=\"font-family: Arial, serif;\"><span style=\"font-size: large;\">Quer um ambiente confort\u00e1vel e personalizado? Entre em contato conosco? temos uma equipe multidisciplinar para ajud\u00e1-lo!<\/span><\/span><\/b><\/p>\t\t\t\t\t\t\t\t<\/div>\n\t\t\t\t<\/div>\n\t\t\t\t<div class=\"elementor-element elementor-element-7a239d68 elementor-widget elementor-widget-text-editor\" data-id=\"7a239d68\" data-element_type=\"widget\" data-e-type=\"widget\" data-widget_type=\"text-editor.default\">\n\t\t\t\t<div class=\"elementor-widget-container\">\n\t\t\t\t\t\t\t\t\t<p>Endere\u00e7o: Rua Aricurana, 335 \u2013 C.A.E. Carvalho \u2013 S\u00e3o Paulo-SP<br \/>Telefone : (11) 2308-0890<br \/>WhatsApp: (11) 93225-5238.<\/p>\t\t\t\t\t\t\t\t<\/div>\n\t\t\t\t<\/div>\n\t\t\t\t\t<\/div>\n\t\t<\/div>\n\t\t\t\t\t<\/div>\n\t\t<\/section>\n\t\t\t\t\t<\/div>\n\t\t<\/div>\n\t\t\t\t\t<\/div>\n\t\t<\/section>\n\t\t\t\t<\/div>\n\t\t","protected":false},"excerpt":{"rendered":"<p>Design de interiores Nossos servi\u00e7os Design de interiores O que \u00e9? Elaboramos projetos de design de interiores para edifica\u00e7\u00f5es residenciais em S\u00e3o Paulo e regi\u00e3o metropolitana, bem como para todo o Brasil. O projeto de design de interiores \u00e9 um plano detalhado que define a disposi\u00e7\u00e3o, a decora\u00e7\u00e3o e o mobili\u00e1rio dos espa\u00e7os internos de uma edifica\u00e7\u00e3o. Ele \u00e9 elaborado por um designer de interiores ou arquiteto, que utiliza seus conhecimentos t\u00e9cnicos e art\u00edsticos para criar ambientes funcionais, confort\u00e1veis e esteticamente agrad\u00e1veis. O objetivo do projeto de design de interiores \u00e9 criar ambientes que atendam \u00e0s necessidades e prefer\u00eancias dos usu\u00e1rios, considerando aspectos como conforto, funcionalidade, seguran\u00e7a, ergonomia e est\u00e9tica. Para isso, o designer de interiores considera diversos elementos, como a disposi\u00e7\u00e3o dos m\u00f3veis, as cores, os materiais, a ilumina\u00e7\u00e3o, os revestimentos, os acess\u00f3rios, entre outros. A import\u00e2ncia do projeto de design de interiores reside em sua capacidade de transformar os espa\u00e7os internos, melhorando a qualidade de vida dos usu\u00e1rios. Um bom projeto de design de interiores pode tornar os ambientes mais funcionais, facilitando as atividades di\u00e1rias, e mais confort\u00e1veis, proporcionando bem-estar. Al\u00e9m disso, o projeto de design de interiores tamb\u00e9m contribui para a valoriza\u00e7\u00e3o do im\u00f3vel, tornando-o mais atraente e acolhedor. Outro aspecto importante \u00e9 que o projeto de design de interiores permite a personaliza\u00e7\u00e3o dos ambientes, refletindo a personalidade e o estilo de vida dos usu\u00e1rios. Por fim, o projeto de design de interiores tamb\u00e9m pode contribuir para a sustentabilidade, atrav\u00e9s da escolha de materiais e tecnologias que reduzam o impacto ambiental e promovam a economia de recursos. Submit Enviar Entre em contato Quer um ambiente confort\u00e1vel e personalizado? Entre em contato conosco? temos uma equipe multidisciplinar para ajud\u00e1-lo! Endere\u00e7o: Rua Aricurana, 335 \u2013 C.A.E. Carvalho \u2013 S\u00e3o Paulo-SPTelefone : (11) 2308-0890WhatsApp: (11) 93225-5238.<\/p>\n","protected":false},"author":1,"featured_media":0,"parent":0,"menu_order":0,"comment_status":"closed","ping_status":"closed","template":"elementor_header_footer","meta":{"om_disable_all_campaigns":false,"_exactmetrics_skip_tracking":false,"_exactmetrics_sitenote_active":false,"_exactmetrics_sitenote_note":"","_exactmetrics_sitenote_category":0,"_uf_show_specific_survey":0,"_uf_disable_surveys":false,"_joinchat":[],"footnotes":""},"class_list":["post-1118","page","type-page","status-publish","hentry"],"aioseo_notices":[],"_links":{"self":[{"href":"https:\/\/a2m1engenharia.com.br\/index.php\/wp-json\/wp\/v2\/pages\/1118","targetHints":{"allow":["GET"]}}],"collection":[{"href":"https:\/\/a2m1engenharia.com.br\/index.php\/wp-json\/wp\/v2\/pages"}],"about":[{"href":"https:\/\/a2m1engenharia.com.br\/index.php\/wp-json\/wp\/v2\/types\/page"}],"author":[{"embeddable":true,"href":"https:\/\/a2m1engenharia.com.br\/index.php\/wp-json\/wp\/v2\/users\/1"}],"replies":[{"embeddable":true,"href":"https:\/\/a2m1engenharia.com.br\/index.php\/wp-json\/wp\/v2\/comments?post=1118"}],"version-history":[{"count":4,"href":"https:\/\/a2m1engenharia.com.br\/index.php\/wp-json\/wp\/v2\/pages\/1118\/revisions"}],"predecessor-version":[{"id":1123,"href":"https:\/\/a2m1engenharia.com.br\/index.php\/wp-json\/wp\/v2\/pages\/1118\/revisions\/1123"}],"wp:attachment":[{"href":"https:\/\/a2m1engenharia.com.br\/index.php\/wp-json\/wp\/v2\/media?parent=1118"}],"curies":[{"name":"wp","href":"https:\/\/api.w.org\/{rel}","templated":true}]}}