{"id":848,"date":"2023-08-02T22:11:13","date_gmt":"2023-08-03T01:11:13","guid":{"rendered":"https:\/\/a2m1engenharia.com.br\/?page_id=848"},"modified":"2023-11-10T18:16:30","modified_gmt":"2023-11-10T21:16:30","slug":"consultoria","status":"publish","type":"page","link":"https:\/\/a2m1engenharia.com.br\/index.php\/consultoria\/","title":{"rendered":"Consultoria"},"content":{"rendered":"\t\t<div data-elementor-type=\"wp-page\" data-elementor-id=\"848\" class=\"elementor elementor-848\">\n\t\t\t\t\t\t<section class=\"elementor-section elementor-top-section elementor-element elementor-element-582269470 elementor-section-height-min-height elementor-section-content-middle elementor-section-boxed elementor-section-height-default elementor-section-items-middle wpr-particle-no wpr-jarallax-no wpr-parallax-no wpr-sticky-section-no wpr-equal-height-no\" data-id=\"582269470\" data-element_type=\"section\" data-e-type=\"section\" data-settings=\"{&quot;background_background&quot;:&quot;classic&quot;}\">\n\t\t\t\t\t\t\t<div class=\"elementor-background-overlay\"><\/div>\n\t\t\t\t\t\t\t<div class=\"elementor-container elementor-column-gap-default\">\n\t\t\t\t\t<div class=\"elementor-column elementor-col-100 elementor-top-column elementor-element elementor-element-69722b60\" data-id=\"69722b60\" data-element_type=\"column\" data-e-type=\"column\">\n\t\t\t<div class=\"elementor-widget-wrap elementor-element-populated\">\n\t\t\t\t\t\t<div class=\"elementor-element elementor-element-41d91f82 elementor-widget elementor-widget-heading\" data-id=\"41d91f82\" data-element_type=\"widget\" data-e-type=\"widget\" data-widget_type=\"heading.default\">\n\t\t\t\t<div class=\"elementor-widget-container\">\n\t\t\t\t\t<h2 class=\"elementor-heading-title elementor-size-default\">Consultoria t\u00e9cnica  especializada<\/h2>\t\t\t\t<\/div>\n\t\t\t\t<\/div>\n\t\t\t\t\t<\/div>\n\t\t<\/div>\n\t\t\t\t\t<\/div>\n\t\t<\/section>\n\t\t\t\t<section class=\"elementor-section elementor-top-section elementor-element elementor-element-5f6539b9 elementor-section-boxed elementor-section-height-default elementor-section-height-default wpr-particle-no wpr-jarallax-no wpr-parallax-no wpr-sticky-section-no wpr-equal-height-no\" data-id=\"5f6539b9\" data-element_type=\"section\" data-e-type=\"section\">\n\t\t\t\t\t\t<div class=\"elementor-container elementor-column-gap-default\">\n\t\t\t\t\t<div class=\"elementor-column elementor-col-100 elementor-top-column elementor-element elementor-element-db282b9\" data-id=\"db282b9\" data-element_type=\"column\" data-e-type=\"column\">\n\t\t\t<div class=\"elementor-widget-wrap elementor-element-populated\">\n\t\t\t\t\t\t<div class=\"elementor-element elementor-element-3b72abe6 elementor-widget elementor-widget-text-editor\" data-id=\"3b72abe6\" data-element_type=\"widget\" data-e-type=\"widget\" data-widget_type=\"text-editor.default\">\n\t\t\t\t<div class=\"elementor-widget-container\">\n\t\t\t\t\t\t\t\t\t<p>Nossos servi\u00e7os<\/p>\t\t\t\t\t\t\t\t<\/div>\n\t\t\t\t<\/div>\n\t\t\t\t<div class=\"elementor-element elementor-element-3858c82d elementor-widget elementor-widget-heading\" data-id=\"3858c82d\" data-element_type=\"widget\" data-e-type=\"widget\" data-widget_type=\"heading.default\">\n\t\t\t\t<div class=\"elementor-widget-container\">\n\t\t\t\t\t<h2 class=\"elementor-heading-title elementor-size-default\">Consultoria T\u00e9cnica em Engenharia Civil<\/h2>\t\t\t\t<\/div>\n\t\t\t\t<\/div>\n\t\t\t\t<div class=\"elementor-element elementor-element-7cb6fe14 elementor-widget elementor-widget-text-editor\" data-id=\"7cb6fe14\" data-element_type=\"widget\" data-e-type=\"widget\" data-widget_type=\"text-editor.default\">\n\t\t\t\t<div class=\"elementor-widget-container\">\n\t\t\t\t\t\t\t\t\t<p><span style=\"font-family: Arial, serif;\"><span style=\"font-size: medium;\">Prestamos consultoria t\u00e9cnica especializada em constru\u00e7\u00e3o civil, em S\u00e3o Paulo e regi\u00e3o metropolitana. <\/span><\/span><\/p>\t\t\t\t\t\t\t\t<\/div>\n\t\t\t\t<\/div>\n\t\t\t\t<div class=\"elementor-element elementor-element-eb586dd elementor-widget elementor-widget-heading\" data-id=\"eb586dd\" data-element_type=\"widget\" data-e-type=\"widget\" data-widget_type=\"heading.default\">\n\t\t\t\t<div class=\"elementor-widget-container\">\n\t\t\t\t\t<h2 class=\"elementor-heading-title elementor-size-default\">O que \u00e9?<\/h2>\t\t\t\t<\/div>\n\t\t\t\t<\/div>\n\t\t\t\t<div class=\"elementor-element elementor-element-e05d9dd elementor-widget elementor-widget-text-editor\" data-id=\"e05d9dd\" data-element_type=\"widget\" data-e-type=\"widget\" data-widget_type=\"text-editor.default\">\n\t\t\t\t<div class=\"elementor-widget-container\">\n\t\t\t\t\t\t\t\t\t<p style=\"text-align: left;\"><span style=\"font-family: Arial, serif;\"><span style=\"font-size: medium;\">Uma consultoria t\u00e9cnica especializada em engenharia civil \u00e9 um servi\u00e7o profissional que oferece orienta\u00e7\u00e3o, planejamento, an\u00e1lise e solu\u00e7\u00f5es para projetos de constru\u00e7\u00e3o civil. Essa consultoria pode abranger diversas \u00e1reas da engenharia civil, como estrutural, geot\u00e9cnica, hidr\u00e1ulica, ambiental, entre outras. <\/span><\/span><\/p><p style=\"text-align: left;\"><span style=\"font-family: Arial, serif;\"><span style=\"font-size: medium;\">Prestamos consultoria t\u00e9cnica especializada em constru\u00e7\u00e3o civil, na cidade de S\u00e3o Paulo, com \u00eanfase nas \u00e1reas de aprova\u00e7\u00e3o e regulariza\u00e7\u00e3o de im\u00f3veis residenciais. Tamb\u00e9m temos especialistas nas \u00e1reas de reformas, refor\u00e7o estrutural e instala\u00e7\u00f5es el\u00e9tricas e hidrossanit\u00e1rias. <\/span><\/span><\/p><p style=\"text-align: left;\"><span style=\"font-family: Arial, serif;\"><span style=\"font-size: medium;\">Realizamos vistoriais para identifica\u00e7\u00e3o de quaisquer problemas estruturais, infiltra\u00e7\u00f5es, problemas nas instala\u00e7\u00f5es hidr\u00e1ulicas, el\u00e9tricas dentre outros. <\/span><\/span><\/p><p style=\"text-align: left;\"><span style=\"font-family: Arial, serif;\"><span style=\"font-size: medium;\">A consultoria \u00e9 realizada por profissionais altamente qualificados e experientes na \u00e1rea, que utilizam seus conhecimentos t\u00e9cnicos para auxiliar o cliente na tomada de decis\u00e3o.<\/span><\/span><\/p>\t\t\t\t\t\t\t\t<\/div>\n\t\t\t\t<\/div>\n\t\t\t\t<div class=\"elementor-element elementor-element-3320702 elementor-widget elementor-widget-heading\" data-id=\"3320702\" data-element_type=\"widget\" data-e-type=\"widget\" data-widget_type=\"heading.default\">\n\t\t\t\t<div class=\"elementor-widget-container\">\n\t\t\t\t\t<h2 class=\"elementor-heading-title elementor-size-default\">Vantagens<\/h2>\t\t\t\t<\/div>\n\t\t\t\t<\/div>\n\t\t\t\t<div class=\"elementor-element elementor-element-7970155 elementor-widget elementor-widget-text-editor\" data-id=\"7970155\" data-element_type=\"widget\" data-e-type=\"widget\" data-widget_type=\"text-editor.default\">\n\t\t\t\t<div class=\"elementor-widget-container\">\n\t\t\t\t\t\t\t\t\t<p style=\"text-align: left;\"><span style=\"font-family: Arial, serif;\"><span style=\"font-size: medium;\">As vantagens de contratar uma consultoria t\u00e9cnica especializada em engenharia civil s\u00e3o muitas. Primeiramente, ela pode trazer uma vis\u00e3o externa e objetiva para a situa\u00e7\u00e3o apresentada, identificando poss\u00edveis problemas e propondo solu\u00e7\u00f5es eficientes. Al\u00e9m disso, a consultoria pode contribuir para a otimiza\u00e7\u00e3o de recursos, redu\u00e7\u00e3o de custos para a resolu\u00e7\u00e3o do problema. Outra vantagem \u00e9 a garantia de conformidade com as normas t\u00e9cnicas e legisla\u00e7\u00f5es vigentes, minimizando riscos e evitando poss\u00edveis penalidades.<\/span><\/span><\/p><p style=\"text-align: left;\"><br \/><br \/><\/p>\t\t\t\t\t\t\t\t<\/div>\n\t\t\t\t<\/div>\n\t\t\t\t\t<\/div>\n\t\t<\/div>\n\t\t\t\t\t<\/div>\n\t\t<\/section>\n\t\t\t\t<section class=\"elementor-section elementor-top-section elementor-element elementor-element-16fea748 elementor-section-content-middle elementor-section-boxed elementor-section-height-default elementor-section-height-default wpr-particle-no wpr-jarallax-no wpr-parallax-no wpr-sticky-section-no wpr-equal-height-no\" data-id=\"16fea748\" data-element_type=\"section\" data-e-type=\"section\" data-settings=\"{&quot;background_background&quot;:&quot;classic&quot;}\">\n\t\t\t\t\t\t\t<div class=\"elementor-background-overlay\"><\/div>\n\t\t\t\t\t\t\t<div class=\"elementor-container elementor-column-gap-default\">\n\t\t\t\t\t<div class=\"elementor-column elementor-col-100 elementor-top-column elementor-element elementor-element-457017bc\" data-id=\"457017bc\" data-element_type=\"column\" data-e-type=\"column\">\n\t\t\t<div class=\"elementor-widget-wrap\">\n\t\t\t\t\t\t\t<\/div>\n\t\t<\/div>\n\t\t\t\t\t<\/div>\n\t\t<\/section>\n\t\t\t\t<section class=\"elementor-section elementor-top-section elementor-element elementor-element-de2fcff elementor-section-boxed elementor-section-height-default elementor-section-height-default wpr-particle-no wpr-jarallax-no wpr-parallax-no wpr-sticky-section-no wpr-equal-height-no\" data-id=\"de2fcff\" data-element_type=\"section\" data-e-type=\"section\">\n\t\t\t\t\t\t<div class=\"elementor-container elementor-column-gap-default\">\n\t\t\t\t\t<div class=\"elementor-column elementor-col-100 elementor-top-column elementor-element elementor-element-267daa2d\" data-id=\"267daa2d\" data-element_type=\"column\" data-e-type=\"column\">\n\t\t\t<div class=\"elementor-widget-wrap elementor-element-populated\">\n\t\t\t\t\t\t<section class=\"elementor-section elementor-inner-section elementor-element elementor-element-61fd5f6a elementor-section-boxed elementor-section-height-default elementor-section-height-default wpr-particle-no wpr-jarallax-no wpr-parallax-no wpr-sticky-section-no wpr-equal-height-no\" data-id=\"61fd5f6a\" data-element_type=\"section\" data-e-type=\"section\" data-settings=\"{&quot;background_background&quot;:&quot;classic&quot;}\">\n\t\t\t\t\t\t<div class=\"elementor-container elementor-column-gap-extended\">\n\t\t\t\t\t<div class=\"elementor-column elementor-col-50 elementor-inner-column elementor-element elementor-element-4e00a561\" data-id=\"4e00a561\" data-element_type=\"column\" data-e-type=\"column\">\n\t\t\t<div class=\"elementor-widget-wrap elementor-element-populated\">\n\t\t\t\t\t\t<div class=\"elementor-element elementor-element-5f9e0dcf wpr-step-type-number_text wpr-step-content-layout-vertical wpr-custom-styles-yes elementor-widget elementor-widget-wpr-form-builder\" data-id=\"5f9e0dcf\" data-element_type=\"widget\" data-e-type=\"widget\" data-settings=\"{&quot;success_message&quot;:&quot;Submission successful&quot;,&quot;error_message&quot;:&quot;Submission failed&quot;,&quot;button_width&quot;:{&quot;unit&quot;:&quot;%&quot;,&quot;size&quot;:100,&quot;sizes&quot;:[]},&quot;button_width_tablet&quot;:{&quot;unit&quot;:&quot;px&quot;,&quot;size&quot;:&quot;&quot;,&quot;sizes&quot;:[]},&quot;button_width_mobile&quot;:{&quot;unit&quot;:&quot;px&quot;,&quot;size&quot;:&quot;&quot;,&quot;sizes&quot;:[]},&quot;step_type&quot;:&quot;number_text&quot;,&quot;step_content_layout&quot;:&quot;vertical&quot;}\" data-widget_type=\"wpr-form-builder.default\">\n\t\t\t\t<div class=\"elementor-widget-container\">\n\t\t\t\t\t\t\t<form class=\"wpr-form\" method=\"post\" name=\"New Form\" page=\"Consultoria\" page_id=\"848\" novalidate>\n\t\t\t<input type=\"hidden\" name=\"post_id\" value=\"848\"\/>\n\t\t\t<input type=\"hidden\" name=\"form_id\" value=\"5f9e0dcf\"\/>\n\t\t\t<input type=\"hidden\" name=\"referer_title\" value=\"\" \/>\n\n\t\t\t<div class=\"wpr-step-wrap\"><\/div>\n\t\t\t<div class=\"wpr-form-fields-wrap wpr-labels-above\">\n\t\t\t\t\t\t\t\t\t<div class=\"wpr-form-field-type-text wpr-field-group wpr-column wpr-field-group-name elementor-repeater-item-da47d56\">\n\t\t\t\t\t\t<input size=\"1 \"type=\"text\" name=\"form_fields[name]\" id=\"form-field-name\" class=\"wpr-form-field  wpr-form-field-textual\" placeholder=\"Nome\">\t\t\t\t\t<\/div>\n\t\t\t\t\t\t\t\t\t<div class=\"wpr-form-field-type-email wpr-field-group wpr-column wpr-field-group-email elementor-repeater-item-2a57d19 wpr-form-field-required\">\n\t\t\t\t\t\t<input size=\"1 \"type=\"email\" name=\"form_fields[email]\" id=\"form-field-email\" class=\"wpr-form-field  wpr-form-field-textual\" placeholder=\"E-mail\" required=\"required\" aria-required=\"true\">\t\t\t\t\t<\/div>\n\t\t\t\t\t\t\t\t\t<div class=\"wpr-form-field-type-textarea wpr-field-group wpr-column wpr-field-group-message elementor-repeater-item-de18545\">\n\t\t\t\t\t\t<textarea class=\"wpr-form-field-textual wpr-form-field \" name=\"form_fields[message]\" id=\"form-field-message\" rows=\"7\" placeholder=\"Mensagem\"><\/textarea>\t\t\t\t\t<\/div>\n\t\t\t\t<div class=\"wpr-field-group wpr-stp-btns-wrap wpr-column wpr-form-field-type-submit\" data-actions=\"[&quot;email&quot;]\" data-redirect-url=\"\" data-mailchimp-fields=\"{&quot;email_field&quot;:&quot;&quot;,&quot;first_name_field&quot;:&quot;&quot;,&quot;last_name_field&quot;:&quot;&quot;,&quot;address_field&quot;:&quot;&quot;,&quot;phone_field&quot;:&quot;&quot;,&quot;birthday_field&quot;:&quot;&quot;,&quot;group_id&quot;:&quot;&quot;}\" data-list-id=\"\">\t\t\t<button type=\"submit\" class=\"wpr-button\">\n\t\t\t\t<span >\n\t\t\t\t\t\t\t\t\t\t\t\t\t<span class=\"wpr-align-icon-left elementor-button-icon\">\n\t\t\t<i aria-hidden=\"true\" class=\"far fa-envelope\"><\/i>\t\t\t\t\t\t\t<span class=\"wpr-hidden-element\">Submit<\/span>\n\t\t\t\t\t<\/span>\n\t\t\t\t\t\t\t\t\t\t\t\t\t\t\t\t\t<span>Enviar<\/span>\n\t\t\t\t\t\t\t\t\t\t\t\t\t\t<\/span>\t\n\t\t\t\t<div class=\"wpr-double-bounce wpr-loader-hidden\">\n\t\t\t\t\t<div class=\"wpr-child wpr-double-bounce1\"><\/div>\n\t\t\t\t\t<div class=\"wpr-child wpr-double-bounce2\"><\/div>\n\t\t\t\t<\/div>\n\t\t\t<\/button>\n\t\t<\/div>\t\t\t\t\n\t\t\t<\/div>\n\t\t<\/form>\n\t  \t\t\t\t<\/div>\n\t\t\t\t<\/div>\n\t\t\t\t\t<\/div>\n\t\t<\/div>\n\t\t\t\t<div class=\"elementor-column elementor-col-50 elementor-inner-column elementor-element elementor-element-4f0c164a\" data-id=\"4f0c164a\" data-element_type=\"column\" data-e-type=\"column\">\n\t\t\t<div class=\"elementor-widget-wrap elementor-element-populated\">\n\t\t\t\t\t\t<div class=\"elementor-element elementor-element-4abf3974 elementor-widget elementor-widget-heading\" data-id=\"4abf3974\" data-element_type=\"widget\" data-e-type=\"widget\" data-widget_type=\"heading.default\">\n\t\t\t\t<div class=\"elementor-widget-container\">\n\t\t\t\t\t<h3 class=\"elementor-heading-title elementor-size-default\">Entre em contato <\/h3>\t\t\t\t<\/div>\n\t\t\t\t<\/div>\n\t\t\t\t<div class=\"elementor-element elementor-element-111b1c2d elementor-widget-divider--view-line elementor-widget elementor-widget-divider\" data-id=\"111b1c2d\" data-element_type=\"widget\" data-e-type=\"widget\" data-widget_type=\"divider.default\">\n\t\t\t\t<div class=\"elementor-widget-container\">\n\t\t\t\t\t\t\t<div class=\"elementor-divider\">\n\t\t\t<span class=\"elementor-divider-separator\">\n\t\t\t\t\t\t<\/span>\n\t\t<\/div>\n\t\t\t\t\t\t<\/div>\n\t\t\t\t<\/div>\n\t\t\t\t<div class=\"elementor-element elementor-element-1151da33 elementor-widget elementor-widget-text-editor\" data-id=\"1151da33\" data-element_type=\"widget\" data-e-type=\"widget\" data-widget_type=\"text-editor.default\">\n\t\t\t\t<div class=\"elementor-widget-container\">\n\t\t\t\t\t\t\t\t\t<p><b><span style=\"font-family: Arial, serif;\"><span style=\"font-size: large;\">Quer resolver os problemas do seu projeto ou edifica\u00e7\u00e3o? Entre em contato e agende o melhor hor\u00e1rio para conversarmos!<\/span><\/span><\/b><\/p>\t\t\t\t\t\t\t\t<\/div>\n\t\t\t\t<\/div>\n\t\t\t\t<div class=\"elementor-element elementor-element-6b9cf513 elementor-widget elementor-widget-text-editor\" data-id=\"6b9cf513\" data-element_type=\"widget\" data-e-type=\"widget\" data-widget_type=\"text-editor.default\">\n\t\t\t\t<div class=\"elementor-widget-container\">\n\t\t\t\t\t\t\t\t\t<p>Endere\u00e7o: Rua Aricurana, 335 \u2013 C.A.E. Carvalho \u2013 S\u00e3o Paulo-SP<br \/>Telefone : (11) 2308-0890<br \/>WhatsApp: (11) 93225-5238.<\/p>\t\t\t\t\t\t\t\t<\/div>\n\t\t\t\t<\/div>\n\t\t\t\t\t<\/div>\n\t\t<\/div>\n\t\t\t\t\t<\/div>\n\t\t<\/section>\n\t\t\t\t\t<\/div>\n\t\t<\/div>\n\t\t\t\t\t<\/div>\n\t\t<\/section>\n\t\t\t\t<\/div>\n\t\t","protected":false},"excerpt":{"rendered":"<p>Consultoria t\u00e9cnica especializada Nossos servi\u00e7os Consultoria T\u00e9cnica em Engenharia Civil Prestamos consultoria t\u00e9cnica especializada em constru\u00e7\u00e3o civil, em S\u00e3o Paulo e regi\u00e3o metropolitana. O que \u00e9? Uma consultoria t\u00e9cnica especializada em engenharia civil \u00e9 um servi\u00e7o profissional que oferece orienta\u00e7\u00e3o, planejamento, an\u00e1lise e solu\u00e7\u00f5es para projetos de constru\u00e7\u00e3o civil. Essa consultoria pode abranger diversas \u00e1reas da engenharia civil, como estrutural, geot\u00e9cnica, hidr\u00e1ulica, ambiental, entre outras. Prestamos consultoria t\u00e9cnica especializada em constru\u00e7\u00e3o civil, na cidade de S\u00e3o Paulo, com \u00eanfase nas \u00e1reas de aprova\u00e7\u00e3o e regulariza\u00e7\u00e3o de im\u00f3veis residenciais. Tamb\u00e9m temos especialistas nas \u00e1reas de reformas, refor\u00e7o estrutural e instala\u00e7\u00f5es el\u00e9tricas e hidrossanit\u00e1rias. Realizamos vistoriais para identifica\u00e7\u00e3o de quaisquer problemas estruturais, infiltra\u00e7\u00f5es, problemas nas instala\u00e7\u00f5es hidr\u00e1ulicas, el\u00e9tricas dentre outros. A consultoria \u00e9 realizada por profissionais altamente qualificados e experientes na \u00e1rea, que utilizam seus conhecimentos t\u00e9cnicos para auxiliar o cliente na tomada de decis\u00e3o. Vantagens As vantagens de contratar uma consultoria t\u00e9cnica especializada em engenharia civil s\u00e3o muitas. Primeiramente, ela pode trazer uma vis\u00e3o externa e objetiva para a situa\u00e7\u00e3o apresentada, identificando poss\u00edveis problemas e propondo solu\u00e7\u00f5es eficientes. Al\u00e9m disso, a consultoria pode contribuir para a otimiza\u00e7\u00e3o de recursos, redu\u00e7\u00e3o de custos para a resolu\u00e7\u00e3o do problema. Outra vantagem \u00e9 a garantia de conformidade com as normas t\u00e9cnicas e legisla\u00e7\u00f5es vigentes, minimizando riscos e evitando poss\u00edveis penalidades. Submit Enviar Entre em contato Quer resolver os problemas do seu projeto ou edifica\u00e7\u00e3o? Entre em contato e agende o melhor hor\u00e1rio para conversarmos! Endere\u00e7o: Rua Aricurana, 335 \u2013 C.A.E. Carvalho \u2013 S\u00e3o Paulo-SPTelefone : (11) 2308-0890WhatsApp: (11) 93225-5238.<\/p>\n","protected":false},"author":2,"featured_media":0,"parent":0,"menu_order":0,"comment_status":"closed","ping_status":"closed","template":"elementor_header_footer","meta":{"om_disable_all_campaigns":false,"_exactmetrics_skip_tracking":false,"_exactmetrics_sitenote_active":false,"_exactmetrics_sitenote_note":"","_exactmetrics_sitenote_category":0,"_uf_show_specific_survey":0,"_uf_disable_surveys":false,"_joinchat":[],"footnotes":""},"class_list":["post-848","page","type-page","status-publish","hentry"],"aioseo_notices":[],"_links":{"self":[{"href":"https:\/\/a2m1engenharia.com.br\/index.php\/wp-json\/wp\/v2\/pages\/848","targetHints":{"allow":["GET"]}}],"collection":[{"href":"https:\/\/a2m1engenharia.com.br\/index.php\/wp-json\/wp\/v2\/pages"}],"about":[{"href":"https:\/\/a2m1engenharia.com.br\/index.php\/wp-json\/wp\/v2\/types\/page"}],"author":[{"embeddable":true,"href":"https:\/\/a2m1engenharia.com.br\/index.php\/wp-json\/wp\/v2\/users\/2"}],"replies":[{"embeddable":true,"href":"https:\/\/a2m1engenharia.com.br\/index.php\/wp-json\/wp\/v2\/comments?post=848"}],"version-history":[{"count":22,"href":"https:\/\/a2m1engenharia.com.br\/index.php\/wp-json\/wp\/v2\/pages\/848\/revisions"}],"predecessor-version":[{"id":1216,"href":"https:\/\/a2m1engenharia.com.br\/index.php\/wp-json\/wp\/v2\/pages\/848\/revisions\/1216"}],"wp:attachment":[{"href":"https:\/\/a2m1engenharia.com.br\/index.php\/wp-json\/wp\/v2\/media?parent=848"}],"curies":[{"name":"wp","href":"https:\/\/api.w.org\/{rel}","templated":true}]}}