{"id":871,"date":"2023-08-02T22:36:58","date_gmt":"2023-08-03T01:36:58","guid":{"rendered":"https:\/\/a2m1engenharia.com.br\/?page_id=871"},"modified":"2023-10-16T22:11:10","modified_gmt":"2023-10-17T01:11:10","slug":"vistoria","status":"publish","type":"page","link":"https:\/\/a2m1engenharia.com.br\/index.php\/vistoria\/","title":{"rendered":"Vistoria"},"content":{"rendered":"\t\t<div data-elementor-type=\"wp-page\" data-elementor-id=\"871\" class=\"elementor elementor-871\">\n\t\t\t\t\t\t<section class=\"elementor-section elementor-top-section elementor-element elementor-element-3bc75540 elementor-section-height-min-height elementor-section-content-middle elementor-section-boxed elementor-section-height-default elementor-section-items-middle wpr-particle-no wpr-jarallax-no wpr-parallax-no wpr-sticky-section-no wpr-equal-height-no\" data-id=\"3bc75540\" data-element_type=\"section\" data-e-type=\"section\" data-settings=\"{&quot;background_background&quot;:&quot;classic&quot;}\">\n\t\t\t\t\t\t\t<div class=\"elementor-background-overlay\"><\/div>\n\t\t\t\t\t\t\t<div class=\"elementor-container elementor-column-gap-default\">\n\t\t\t\t\t<div class=\"elementor-column elementor-col-100 elementor-top-column elementor-element elementor-element-6df33d27\" data-id=\"6df33d27\" data-element_type=\"column\" data-e-type=\"column\">\n\t\t\t<div class=\"elementor-widget-wrap elementor-element-populated\">\n\t\t\t\t\t\t<div class=\"elementor-element elementor-element-79272cf8 elementor-widget elementor-widget-heading\" data-id=\"79272cf8\" data-element_type=\"widget\" data-e-type=\"widget\" data-widget_type=\"heading.default\">\n\t\t\t\t<div class=\"elementor-widget-container\">\n\t\t\t\t\t<h2 class=\"elementor-heading-title elementor-size-default\">Vistoria t\u00e9cnica em edifica\u00e7\u00f5es<\/h2>\t\t\t\t<\/div>\n\t\t\t\t<\/div>\n\t\t\t\t\t<\/div>\n\t\t<\/div>\n\t\t\t\t\t<\/div>\n\t\t<\/section>\n\t\t\t\t<section class=\"elementor-section elementor-top-section elementor-element elementor-element-5a1da919 elementor-section-boxed elementor-section-height-default elementor-section-height-default wpr-particle-no wpr-jarallax-no wpr-parallax-no wpr-sticky-section-no wpr-equal-height-no\" data-id=\"5a1da919\" data-element_type=\"section\" data-e-type=\"section\">\n\t\t\t\t\t\t<div class=\"elementor-container elementor-column-gap-default\">\n\t\t\t\t\t<div class=\"elementor-column elementor-col-100 elementor-top-column elementor-element elementor-element-3895a3df\" data-id=\"3895a3df\" data-element_type=\"column\" data-e-type=\"column\">\n\t\t\t<div class=\"elementor-widget-wrap elementor-element-populated\">\n\t\t\t\t\t\t<div class=\"elementor-element elementor-element-175ca51 elementor-widget elementor-widget-text-editor\" data-id=\"175ca51\" data-element_type=\"widget\" data-e-type=\"widget\" data-widget_type=\"text-editor.default\">\n\t\t\t\t<div class=\"elementor-widget-container\">\n\t\t\t\t\t\t\t\t\t<p>Nossos servi\u00e7os<\/p>\t\t\t\t\t\t\t\t<\/div>\n\t\t\t\t<\/div>\n\t\t\t\t<div class=\"elementor-element elementor-element-5d80ef58 elementor-widget elementor-widget-heading\" data-id=\"5d80ef58\" data-element_type=\"widget\" data-e-type=\"widget\" data-widget_type=\"heading.default\">\n\t\t\t\t<div class=\"elementor-widget-container\">\n\t\t\t\t\t<h2 class=\"elementor-heading-title elementor-size-default\">Vistoria T\u00e9cnica<\/h2>\t\t\t\t<\/div>\n\t\t\t\t<\/div>\n\t\t\t\t<div class=\"elementor-element elementor-element-5d106766 elementor-widget elementor-widget-text-editor\" data-id=\"5d106766\" data-element_type=\"widget\" data-e-type=\"widget\" data-widget_type=\"text-editor.default\">\n\t\t\t\t<div class=\"elementor-widget-container\">\n\t\t\t\t\t\t\t\t\t<p><span style=\"font-family: Arial, serif;\"><span style=\"font-size: medium;\">Fazemos vistoria t\u00e9cnica em im\u00f3veis resid\u00eancias em S\u00e3o Paulo e regi\u00e3o metropolitana<\/span><\/span><\/p>\t\t\t\t\t\t\t\t<\/div>\n\t\t\t\t<\/div>\n\t\t\t\t<div class=\"elementor-element elementor-element-2e7be241 elementor-widget elementor-widget-heading\" data-id=\"2e7be241\" data-element_type=\"widget\" data-e-type=\"widget\" data-widget_type=\"heading.default\">\n\t\t\t\t<div class=\"elementor-widget-container\">\n\t\t\t\t\t<h2 class=\"elementor-heading-title elementor-size-default\">O que \u00e9 a vistoria t\u00e9cnica?<\/h2>\t\t\t\t<\/div>\n\t\t\t\t<\/div>\n\t\t\t\t<div class=\"elementor-element elementor-element-2b43fe1d elementor-widget elementor-widget-text-editor\" data-id=\"2b43fe1d\" data-element_type=\"widget\" data-e-type=\"widget\" data-widget_type=\"text-editor.default\">\n\t\t\t\t<div class=\"elementor-widget-container\">\n\t\t\t\t\t\t\t\t\t<p style=\"text-align: left;\"><span style=\"font-family: Arial, serif;\"><span style=\"font-size: medium;\">A vistoria t\u00e9cnica em edifica\u00e7\u00f5es residenciais \u00e9 um procedimento que consiste na inspe\u00e7\u00e3o detalhada do im\u00f3vel, com o objetivo de avaliar suas condi\u00e7\u00f5es f\u00edsicas, funcionais e de seguran\u00e7a. Durante a vistoria, s\u00e3o verificados diversos aspectos da edifica\u00e7\u00e3o, como a estrutura, as instala\u00e7\u00f5es el\u00e9tricas e hidr\u00e1ulicas, o sistema de esgoto, o estado de conserva\u00e7\u00e3o, entre outros. <br \/>A vistoria t\u00e9cnica deve ser realizada por um profissional habilitado, como um engenheiro civil ou um arquiteto, que possui o conhecimento t\u00e9cnico necess\u00e1rio para identificar poss\u00edveis problemas e avaliar a conformidade da edifica\u00e7\u00e3o com as normas t\u00e9cnicas e legisla\u00e7\u00f5es vigentes.<\/span><\/span><\/p>\t\t\t\t\t\t\t\t<\/div>\n\t\t\t\t<\/div>\n\t\t\t\t<div class=\"elementor-element elementor-element-7b794daa elementor-widget elementor-widget-heading\" data-id=\"7b794daa\" data-element_type=\"widget\" data-e-type=\"widget\" data-widget_type=\"heading.default\">\n\t\t\t\t<div class=\"elementor-widget-container\">\n\t\t\t\t\t<h2 class=\"elementor-heading-title elementor-size-default\">Quando deve ser feita?<\/h2>\t\t\t\t<\/div>\n\t\t\t\t<\/div>\n\t\t\t\t<div class=\"elementor-element elementor-element-37282b0c elementor-widget elementor-widget-text-editor\" data-id=\"37282b0c\" data-element_type=\"widget\" data-e-type=\"widget\" data-widget_type=\"text-editor.default\">\n\t\t\t\t<div class=\"elementor-widget-container\">\n\t\t\t\t\t\t\t\t\t<p style=\"text-align: left;\"><span style=\"font-family: Arial, serif;\"><span style=\"font-size: medium;\">A vistoria t\u00e9cnica pode ser realizada em diferentes momentos, dependendo do objetivo. Por exemplo, ela pode ser feita antes da compra ou venda de um im\u00f3vel, para avaliar suas condi\u00e7\u00f5es e determinar seu valor de mercado. Tamb\u00e9m pode ser realizada periodicamente, como parte da manuten\u00e7\u00e3o preventiva da edifica\u00e7\u00e3o, ou ap\u00f3s uma reforma ou constru\u00e7\u00e3o, para verificar se tudo foi feito de acordo com o projeto e as normas t\u00e9cnicas.<\/span><\/span><\/p>\t\t\t\t\t\t\t\t<\/div>\n\t\t\t\t<\/div>\n\t\t\t\t<div class=\"elementor-element elementor-element-a42b770 elementor-widget elementor-widget-heading\" data-id=\"a42b770\" data-element_type=\"widget\" data-e-type=\"widget\" data-widget_type=\"heading.default\">\n\t\t\t\t<div class=\"elementor-widget-container\">\n\t\t\t\t\t<h2 class=\"elementor-heading-title elementor-size-default\">Por que \u00e9 a vistoria t\u00e9cnica \u00e9 importante?<\/h2>\t\t\t\t<\/div>\n\t\t\t\t<\/div>\n\t\t\t\t<div class=\"elementor-element elementor-element-7b5bad1 elementor-widget elementor-widget-text-editor\" data-id=\"7b5bad1\" data-element_type=\"widget\" data-e-type=\"widget\" data-widget_type=\"text-editor.default\">\n\t\t\t\t<div class=\"elementor-widget-container\">\n\t\t\t\t\t\t\t\t\t<p style=\"text-align: left;\"><span style=\"font-family: Arial, serif;\"><span style=\"font-size: medium;\">A vistoria t\u00e9cnica \u00e9 importante porque permite identificar e corrigir problemas antes que eles causem danos maiores \u00e0 edifica\u00e7\u00e3o ou riscos \u00e0 seguran\u00e7a dos moradores. Al\u00e9m disso, ela tamb\u00e9m contribui para a valoriza\u00e7\u00e3o do im\u00f3vel e para a sua adequa\u00e7\u00e3o \u00e0s normas e legisla\u00e7\u00f5es vigentes.<\/span><\/span><\/p>\t\t\t\t\t\t\t\t<\/div>\n\t\t\t\t<\/div>\n\t\t\t\t<div class=\"elementor-element elementor-element-3c689bd elementor-widget elementor-widget-heading\" data-id=\"3c689bd\" data-element_type=\"widget\" data-e-type=\"widget\" data-widget_type=\"heading.default\">\n\t\t\t\t<div class=\"elementor-widget-container\">\n\t\t\t\t\t<h2 class=\"elementor-heading-title elementor-size-default\">Quais as vantagens da vistoria t\u00e9cnica?<\/h2>\t\t\t\t<\/div>\n\t\t\t\t<\/div>\n\t\t\t\t<div class=\"elementor-element elementor-element-2f4834f elementor-widget elementor-widget-text-editor\" data-id=\"2f4834f\" data-element_type=\"widget\" data-e-type=\"widget\" data-widget_type=\"text-editor.default\">\n\t\t\t\t<div class=\"elementor-widget-container\">\n\t\t\t\t\t\t\t\t\t<p style=\"text-align: left;\"><span style=\"font-family: Arial, serif;\"><span style=\"font-size: medium;\">As vantagens da vistoria t\u00e9cnica incluem a preven\u00e7\u00e3o de problemas futuros, a economia de recursos, a garantia de seguran\u00e7a e conforto para os moradores, a valoriza\u00e7\u00e3o do im\u00f3vel e a conformidade legal. Al\u00e9m disso, a vistoria tamb\u00e9m pode contribuir para a conscientiza\u00e7\u00e3o dos moradores sobre a import\u00e2ncia da manuten\u00e7\u00e3o preventiva e da conserva\u00e7\u00e3o do im\u00f3vel.<\/span><\/span><\/p><p style=\"text-align: left;\"><br \/><br \/><\/p>\t\t\t\t\t\t\t\t<\/div>\n\t\t\t\t<\/div>\n\t\t\t\t\t<\/div>\n\t\t<\/div>\n\t\t\t\t\t<\/div>\n\t\t<\/section>\n\t\t\t\t<section class=\"elementor-section elementor-top-section elementor-element elementor-element-6f7422e8 elementor-section-content-middle elementor-section-boxed elementor-section-height-default elementor-section-height-default wpr-particle-no wpr-jarallax-no wpr-parallax-no wpr-sticky-section-no wpr-equal-height-no\" data-id=\"6f7422e8\" data-element_type=\"section\" data-e-type=\"section\" data-settings=\"{&quot;background_background&quot;:&quot;classic&quot;}\">\n\t\t\t\t\t\t\t<div class=\"elementor-background-overlay\"><\/div>\n\t\t\t\t\t\t\t<div class=\"elementor-container elementor-column-gap-default\">\n\t\t\t\t\t<div class=\"elementor-column elementor-col-100 elementor-top-column elementor-element elementor-element-2774ba2a\" data-id=\"2774ba2a\" data-element_type=\"column\" data-e-type=\"column\">\n\t\t\t<div class=\"elementor-widget-wrap\">\n\t\t\t\t\t\t\t<\/div>\n\t\t<\/div>\n\t\t\t\t\t<\/div>\n\t\t<\/section>\n\t\t\t\t<section class=\"elementor-section elementor-top-section elementor-element elementor-element-1d9de943 elementor-section-boxed elementor-section-height-default elementor-section-height-default wpr-particle-no wpr-jarallax-no wpr-parallax-no wpr-sticky-section-no wpr-equal-height-no\" data-id=\"1d9de943\" data-element_type=\"section\" data-e-type=\"section\">\n\t\t\t\t\t\t<div class=\"elementor-container elementor-column-gap-default\">\n\t\t\t\t\t<div class=\"elementor-column elementor-col-100 elementor-top-column elementor-element elementor-element-554964e1\" data-id=\"554964e1\" data-element_type=\"column\" data-e-type=\"column\">\n\t\t\t<div class=\"elementor-widget-wrap elementor-element-populated\">\n\t\t\t\t\t\t<section class=\"elementor-section elementor-inner-section elementor-element elementor-element-594de305 elementor-section-boxed elementor-section-height-default elementor-section-height-default wpr-particle-no wpr-jarallax-no wpr-parallax-no wpr-sticky-section-no wpr-equal-height-no\" data-id=\"594de305\" data-element_type=\"section\" data-e-type=\"section\" data-settings=\"{&quot;background_background&quot;:&quot;classic&quot;}\">\n\t\t\t\t\t\t<div class=\"elementor-container elementor-column-gap-extended\">\n\t\t\t\t\t<div class=\"elementor-column elementor-col-50 elementor-inner-column elementor-element elementor-element-4b1fe4aa\" data-id=\"4b1fe4aa\" data-element_type=\"column\" data-e-type=\"column\">\n\t\t\t<div class=\"elementor-widget-wrap elementor-element-populated\">\n\t\t\t\t\t\t<div class=\"elementor-element elementor-element-5e63bb99 wpr-step-type-number_text wpr-step-content-layout-vertical wpr-custom-styles-yes elementor-widget elementor-widget-wpr-form-builder\" data-id=\"5e63bb99\" data-element_type=\"widget\" data-e-type=\"widget\" data-settings=\"{&quot;success_message&quot;:&quot;Submission successful&quot;,&quot;error_message&quot;:&quot;Submission failed&quot;,&quot;button_width&quot;:{&quot;unit&quot;:&quot;%&quot;,&quot;size&quot;:100,&quot;sizes&quot;:[]},&quot;button_width_tablet&quot;:{&quot;unit&quot;:&quot;px&quot;,&quot;size&quot;:&quot;&quot;,&quot;sizes&quot;:[]},&quot;button_width_mobile&quot;:{&quot;unit&quot;:&quot;px&quot;,&quot;size&quot;:&quot;&quot;,&quot;sizes&quot;:[]},&quot;step_type&quot;:&quot;number_text&quot;,&quot;step_content_layout&quot;:&quot;vertical&quot;}\" data-widget_type=\"wpr-form-builder.default\">\n\t\t\t\t<div class=\"elementor-widget-container\">\n\t\t\t\t\t\t\t<form class=\"wpr-form\" method=\"post\" name=\"New Form\" page=\"Vistoria\" page_id=\"871\" novalidate>\n\t\t\t<input type=\"hidden\" name=\"post_id\" value=\"871\"\/>\n\t\t\t<input type=\"hidden\" name=\"form_id\" value=\"5e63bb99\"\/>\n\t\t\t<input type=\"hidden\" name=\"referer_title\" value=\"\" \/>\n\n\t\t\t<div class=\"wpr-step-wrap\"><\/div>\n\t\t\t<div class=\"wpr-form-fields-wrap wpr-labels-above\">\n\t\t\t\t\t\t\t\t\t<div class=\"wpr-form-field-type-text wpr-field-group wpr-column wpr-field-group-name elementor-repeater-item-da47d56\">\n\t\t\t\t\t\t<input size=\"1 \"type=\"text\" name=\"form_fields[name]\" id=\"form-field-name\" class=\"wpr-form-field  wpr-form-field-textual\" placeholder=\"Nome\">\t\t\t\t\t<\/div>\n\t\t\t\t\t\t\t\t\t<div class=\"wpr-form-field-type-email wpr-field-group wpr-column wpr-field-group-email elementor-repeater-item-2a57d19 wpr-form-field-required\">\n\t\t\t\t\t\t<input size=\"1 \"type=\"email\" name=\"form_fields[email]\" id=\"form-field-email\" class=\"wpr-form-field  wpr-form-field-textual\" placeholder=\"E-mail\" required=\"required\" aria-required=\"true\">\t\t\t\t\t<\/div>\n\t\t\t\t\t\t\t\t\t<div class=\"wpr-form-field-type-textarea wpr-field-group wpr-column wpr-field-group-message elementor-repeater-item-de18545\">\n\t\t\t\t\t\t<textarea class=\"wpr-form-field-textual wpr-form-field \" name=\"form_fields[message]\" id=\"form-field-message\" rows=\"7\" placeholder=\"Mensagem\"><\/textarea>\t\t\t\t\t<\/div>\n\t\t\t\t<div class=\"wpr-field-group wpr-stp-btns-wrap wpr-column wpr-form-field-type-submit\" data-actions=\"[&quot;email&quot;]\" data-redirect-url=\"\" data-mailchimp-fields=\"{&quot;email_field&quot;:&quot;&quot;,&quot;first_name_field&quot;:&quot;&quot;,&quot;last_name_field&quot;:&quot;&quot;,&quot;address_field&quot;:&quot;&quot;,&quot;phone_field&quot;:&quot;&quot;,&quot;birthday_field&quot;:&quot;&quot;,&quot;group_id&quot;:&quot;&quot;}\" data-list-id=\"\">\t\t\t<button type=\"submit\" class=\"wpr-button\">\n\t\t\t\t<span >\n\t\t\t\t\t\t\t\t\t\t\t\t\t<span class=\"wpr-align-icon-left elementor-button-icon\">\n\t\t\t<i aria-hidden=\"true\" class=\"far fa-envelope\"><\/i>\t\t\t\t\t\t\t<span class=\"wpr-hidden-element\">Submit<\/span>\n\t\t\t\t\t<\/span>\n\t\t\t\t\t\t\t\t\t\t\t\t\t\t\t\t\t<span>Enviar<\/span>\n\t\t\t\t\t\t\t\t\t\t\t\t\t\t<\/span>\t\n\t\t\t\t<div class=\"wpr-double-bounce wpr-loader-hidden\">\n\t\t\t\t\t<div class=\"wpr-child wpr-double-bounce1\"><\/div>\n\t\t\t\t\t<div class=\"wpr-child wpr-double-bounce2\"><\/div>\n\t\t\t\t<\/div>\n\t\t\t<\/button>\n\t\t<\/div>\t\t\t\t\n\t\t\t<\/div>\n\t\t<\/form>\n\t  \t\t\t\t<\/div>\n\t\t\t\t<\/div>\n\t\t\t\t\t<\/div>\n\t\t<\/div>\n\t\t\t\t<div class=\"elementor-column elementor-col-50 elementor-inner-column elementor-element elementor-element-59b9cbdc\" data-id=\"59b9cbdc\" data-element_type=\"column\" data-e-type=\"column\">\n\t\t\t<div class=\"elementor-widget-wrap elementor-element-populated\">\n\t\t\t\t\t\t<div class=\"elementor-element elementor-element-3d15d73c elementor-widget elementor-widget-heading\" data-id=\"3d15d73c\" data-element_type=\"widget\" data-e-type=\"widget\" data-widget_type=\"heading.default\">\n\t\t\t\t<div class=\"elementor-widget-container\">\n\t\t\t\t\t<h3 class=\"elementor-heading-title elementor-size-default\">Entre em contato <\/h3>\t\t\t\t<\/div>\n\t\t\t\t<\/div>\n\t\t\t\t<div class=\"elementor-element elementor-element-61c744f0 elementor-widget-divider--view-line elementor-widget elementor-widget-divider\" data-id=\"61c744f0\" data-element_type=\"widget\" data-e-type=\"widget\" data-widget_type=\"divider.default\">\n\t\t\t\t<div class=\"elementor-widget-container\">\n\t\t\t\t\t\t\t<div class=\"elementor-divider\">\n\t\t\t<span class=\"elementor-divider-separator\">\n\t\t\t\t\t\t<\/span>\n\t\t<\/div>\n\t\t\t\t\t\t<\/div>\n\t\t\t\t<\/div>\n\t\t\t\t<div class=\"elementor-element elementor-element-3103a32a elementor-widget elementor-widget-text-editor\" data-id=\"3103a32a\" data-element_type=\"widget\" data-e-type=\"widget\" data-widget_type=\"text-editor.default\">\n\t\t\t\t<div class=\"elementor-widget-container\">\n\t\t\t\t\t\t\t\t\t<p><b><span style=\"font-family: Arial, serif;\"><span style=\"font-size: large;\">Vai comprar um im\u00f3vel, quer evitar ou prevenir problemas em sua edifica\u00e7\u00e3o? Entre em contato conosco, podemos agendar uma vistoria em seu im\u00f3vel.<\/span><\/span><\/b><\/p>\t\t\t\t\t\t\t\t<\/div>\n\t\t\t\t<\/div>\n\t\t\t\t<div class=\"elementor-element elementor-element-639b22de elementor-widget elementor-widget-text-editor\" data-id=\"639b22de\" data-element_type=\"widget\" data-e-type=\"widget\" data-widget_type=\"text-editor.default\">\n\t\t\t\t<div class=\"elementor-widget-container\">\n\t\t\t\t\t\t\t\t\t<p>Endere\u00e7o: Rua Aricurana, 335 \u2013 C.A.E. Carvalho \u2013 S\u00e3o Paulo-SP<br \/>Telefone : (11) 2308-0890<br \/>WhatsApp: (11) 93225-5238.<\/p>\t\t\t\t\t\t\t\t<\/div>\n\t\t\t\t<\/div>\n\t\t\t\t\t<\/div>\n\t\t<\/div>\n\t\t\t\t\t<\/div>\n\t\t<\/section>\n\t\t\t\t\t<\/div>\n\t\t<\/div>\n\t\t\t\t\t<\/div>\n\t\t<\/section>\n\t\t\t\t<\/div>\n\t\t","protected":false},"excerpt":{"rendered":"<p>Vistoria t\u00e9cnica em edifica\u00e7\u00f5es Nossos servi\u00e7os Vistoria T\u00e9cnica Fazemos vistoria t\u00e9cnica em im\u00f3veis resid\u00eancias em S\u00e3o Paulo e regi\u00e3o metropolitana O que \u00e9 a vistoria t\u00e9cnica? A vistoria t\u00e9cnica em edifica\u00e7\u00f5es residenciais \u00e9 um procedimento que consiste na inspe\u00e7\u00e3o detalhada do im\u00f3vel, com o objetivo de avaliar suas condi\u00e7\u00f5es f\u00edsicas, funcionais e de seguran\u00e7a. Durante a vistoria, s\u00e3o verificados diversos aspectos da edifica\u00e7\u00e3o, como a estrutura, as instala\u00e7\u00f5es el\u00e9tricas e hidr\u00e1ulicas, o sistema de esgoto, o estado de conserva\u00e7\u00e3o, entre outros. A vistoria t\u00e9cnica deve ser realizada por um profissional habilitado, como um engenheiro civil ou um arquiteto, que possui o conhecimento t\u00e9cnico necess\u00e1rio para identificar poss\u00edveis problemas e avaliar a conformidade da edifica\u00e7\u00e3o com as normas t\u00e9cnicas e legisla\u00e7\u00f5es vigentes. Quando deve ser feita? A vistoria t\u00e9cnica pode ser realizada em diferentes momentos, dependendo do objetivo. Por exemplo, ela pode ser feita antes da compra ou venda de um im\u00f3vel, para avaliar suas condi\u00e7\u00f5es e determinar seu valor de mercado. Tamb\u00e9m pode ser realizada periodicamente, como parte da manuten\u00e7\u00e3o preventiva da edifica\u00e7\u00e3o, ou ap\u00f3s uma reforma ou constru\u00e7\u00e3o, para verificar se tudo foi feito de acordo com o projeto e as normas t\u00e9cnicas. Por que \u00e9 a vistoria t\u00e9cnica \u00e9 importante? A vistoria t\u00e9cnica \u00e9 importante porque permite identificar e corrigir problemas antes que eles causem danos maiores \u00e0 edifica\u00e7\u00e3o ou riscos \u00e0 seguran\u00e7a dos moradores. Al\u00e9m disso, ela tamb\u00e9m contribui para a valoriza\u00e7\u00e3o do im\u00f3vel e para a sua adequa\u00e7\u00e3o \u00e0s normas e legisla\u00e7\u00f5es vigentes. Quais as vantagens da vistoria t\u00e9cnica? As vantagens da vistoria t\u00e9cnica incluem a preven\u00e7\u00e3o de problemas futuros, a economia de recursos, a garantia de seguran\u00e7a e conforto para os moradores, a valoriza\u00e7\u00e3o do im\u00f3vel e a conformidade legal. Al\u00e9m disso, a vistoria tamb\u00e9m pode contribuir para a conscientiza\u00e7\u00e3o dos moradores sobre a import\u00e2ncia da manuten\u00e7\u00e3o preventiva e da conserva\u00e7\u00e3o do im\u00f3vel. Submit Enviar Entre em contato Vai comprar um im\u00f3vel, quer evitar ou prevenir problemas em sua edifica\u00e7\u00e3o? Entre em contato conosco, podemos agendar uma vistoria em seu im\u00f3vel. Endere\u00e7o: Rua Aricurana, 335 \u2013 C.A.E. Carvalho \u2013 S\u00e3o Paulo-SPTelefone : (11) 2308-0890WhatsApp: (11) 93225-5238.<\/p>\n","protected":false},"author":2,"featured_media":0,"parent":0,"menu_order":0,"comment_status":"closed","ping_status":"closed","template":"elementor_header_footer","meta":{"om_disable_all_campaigns":false,"_exactmetrics_skip_tracking":false,"_exactmetrics_sitenote_active":false,"_exactmetrics_sitenote_note":"","_exactmetrics_sitenote_category":0,"_uf_show_specific_survey":0,"_uf_disable_surveys":false,"_joinchat":[],"footnotes":""},"class_list":["post-871","page","type-page","status-publish","hentry"],"aioseo_notices":[],"_links":{"self":[{"href":"https:\/\/a2m1engenharia.com.br\/index.php\/wp-json\/wp\/v2\/pages\/871","targetHints":{"allow":["GET"]}}],"collection":[{"href":"https:\/\/a2m1engenharia.com.br\/index.php\/wp-json\/wp\/v2\/pages"}],"about":[{"href":"https:\/\/a2m1engenharia.com.br\/index.php\/wp-json\/wp\/v2\/types\/page"}],"author":[{"embeddable":true,"href":"https:\/\/a2m1engenharia.com.br\/index.php\/wp-json\/wp\/v2\/users\/2"}],"replies":[{"embeddable":true,"href":"https:\/\/a2m1engenharia.com.br\/index.php\/wp-json\/wp\/v2\/comments?post=871"}],"version-history":[{"count":13,"href":"https:\/\/a2m1engenharia.com.br\/index.php\/wp-json\/wp\/v2\/pages\/871\/revisions"}],"predecessor-version":[{"id":1088,"href":"https:\/\/a2m1engenharia.com.br\/index.php\/wp-json\/wp\/v2\/pages\/871\/revisions\/1088"}],"wp:attachment":[{"href":"https:\/\/a2m1engenharia.com.br\/index.php\/wp-json\/wp\/v2\/media?parent=871"}],"curies":[{"name":"wp","href":"https:\/\/api.w.org\/{rel}","templated":true}]}}